{"id":1707,"date":"2025-10-08T13:37:08","date_gmt":"2025-10-08T13:37:08","guid":{"rendered":"https:\/\/archiden.net\/?page_id=1707"},"modified":"2025-10-30T00:01:41","modified_gmt":"2025-10-30T00:01:41","slug":"insights","status":"publish","type":"page","link":"https:\/\/archiden.net\/tr\/insights\/","title":{"rendered":"Vizyonumuz"},"content":{"rendered":"<div data-elementor-type=\"wp-page\" data-elementor-id=\"1707\" class=\"elementor elementor-1707\">\n\t\t\t\t<div data-particle_enable=\"false\" data-particle-mobile-disabled=\"false\" class=\"elementor-element elementor-element-69450dc6 e-flex e-con-boxed e-con e-parent\" data-id=\"69450dc6\" data-element_type=\"container\" data-settings=\"{&quot;background_background&quot;:&quot;classic&quot;}\">\n\t\t\t\t\t<div class=\"e-con-inner\">\n\t\t<div data-particle_enable=\"false\" data-particle-mobile-disabled=\"false\" class=\"elementor-element elementor-element-79228032 e-con-full e-flex e-con e-child\" data-id=\"79228032\" data-element_type=\"container\">\n\t\t\t\t<div class=\"elementor-element elementor-element-6ed01e52 elementor-widget elementor-widget-heading\" data-id=\"6ed01e52\" data-element_type=\"widget\" data-widget_type=\"heading.default\">\n\t\t\t\t\t<h1 class=\"elementor-heading-title elementor-size-default\">B\u00fcy\u00fcmeyi Te\u015fvik Eden \u0130\u00e7g\u00f6r\u00fcler\n<\/h1>\t\t\t\t<\/div>\n\t\t\t\t<div class=\"elementor-element elementor-element-27736ad3 elementor-widget__width-initial elementor-widget elementor-widget-heading\" data-id=\"27736ad3\" data-element_type=\"widget\" data-widget_type=\"heading.default\">\n\t\t\t\t\t<h3 class=\"elementor-heading-title elementor-size-default\">Sekt\u00f6r\u00fcn\u00fczde bir ad\u0131m \u00f6nde olman\u0131z\u0131 sa\u011flayacak i\u00e7g\u00f6r\u00fcler ve fikirler ke\u015ffedin.<\/h3>\t\t\t\t<\/div>\n\t\t\t\t<\/div>\n\t\t\t\t\t<\/div>\n\t\t\t\t<\/div>\n\t\t<div data-particle_enable=\"false\" data-particle-mobile-disabled=\"false\" class=\"elementor-element elementor-element-71741ed e-flex e-con-boxed e-con e-parent\" data-id=\"71741ed\" data-element_type=\"container\">\n\t\t\t\t\t<div class=\"e-con-inner\">\n\t\t<div data-particle_enable=\"false\" data-particle-mobile-disabled=\"false\" class=\"elementor-element elementor-element-b6db8c9 e-con-full e-flex e-con e-child\" data-id=\"b6db8c9\" data-element_type=\"container\">\n\t\t<div data-particle_enable=\"false\" data-particle-mobile-disabled=\"false\" class=\"elementor-element elementor-element-08a8939 e-con-full e-flex e-con e-child\" data-id=\"08a8939\" data-element_type=\"container\" data-settings=\"{&quot;background_background&quot;:&quot;classic&quot;}\">\n\t\t<div data-particle_enable=\"false\" data-particle-mobile-disabled=\"false\" class=\"elementor-element elementor-element-f2f1669 e-con-full e-flex e-con e-child\" data-id=\"f2f1669\" data-element_type=\"container\">\n\t\t\t\t<div class=\"elementor-element elementor-element-3382659 elementor-widget elementor-widget-shortcode\" data-id=\"3382659\" data-element_type=\"widget\" data-widget_type=\"shortcode.default\">\n\t\t\t\t\t\t\t<div class=\"elementor-shortcode\"><nav aria-label=\"breadcrumbs\" class=\"rank-math-breadcrumb\"><p><span class=\"last\">Ana Sayfa<\/span><\/p><\/nav><\/div>\n\t\t\t\t\t\t<\/div>\n\t\t\t\t<\/div>\n\t\t\t\t<\/div>\n\t\t\t\t<\/div>\n\t\t\t\t\t<\/div>\n\t\t\t\t<\/div>\n\t\t<div data-particle_enable=\"false\" data-particle-mobile-disabled=\"false\" class=\"elementor-element elementor-element-c60533c e-flex e-con-boxed e-con e-parent\" data-id=\"c60533c\" data-element_type=\"container\">\n\t\t\t\t\t<div class=\"e-con-inner\">\n\t\t\t\t<div class=\"elementor-element elementor-element-fba4bd1 elementor-widget elementor-widget-eael-post-timeline\" data-id=\"fba4bd1\" data-element_type=\"widget\" data-widget_type=\"eael-post-timeline.default\">\n\t\t\t\t\t<div id=\"eael-post-timeline-fba4bd1\" class=\"eael-post-timeline timeline-layout-default eael-post-timeline-arrow-\">\n            <div class=\"eael-post-timeline eael-post-appender eael-post-appender-fba4bd1\"><article class=\"eael-timeline-post eael-timeline-column\">\n    <div class=\"eael-timeline-bullet\"><\/div>\n    <div class=\"eael-timeline-post-inner\">\n        <a class=\"eael-timeline-post-link\" href=\"https:\/\/archiden.net\/tr\/contruction\/\" title=\"Innovative Construction Trends Driving the Industry Forward\">\n            <time datetime=\"Kas\u0131m 9, 2025\">Kas\u0131m 9, 2025<\/time>\n            <div class=\"eael-timeline-post-image  attachment-large size-large\" style=\"background-image: url(https:\/\/archiden.net\/wp-content\/uploads\/2025\/09\/b08436f77580e67cbb7d00ce2f20de1508bdbd55-1-1024x789.jpg);\"><\/div><div class=\"eael-timeline-post-title\">\n                    <h2 class=\"eael-timeline-post-title-text\">Innovative Construction Trends Driving the Industry Forward<\/h2>\n                <\/div><\/a>\n    <\/div>\n<\/article><article class=\"eael-timeline-post eael-timeline-column\">\n    <div class=\"eael-timeline-bullet\"><\/div>\n    <div class=\"eael-timeline-post-inner\">\n        <a class=\"eael-timeline-post-link\" href=\"https:\/\/archiden.net\/tr\/top-5-architectural-design-principles-for-modern-homes-copy\/\" title=\"2. Modern Evler i\u00e7in En \u00d6nemli 5 Mimari Tasar\u0131m \u0130lkesi\">\n            <time datetime=\"Ekim 18, 2025\">Ekim 18, 2025<\/time>\n            <div class=\"eael-timeline-post-image  attachment-large size-large\" style=\"background-image: url(https:\/\/archiden.net\/wp-content\/uploads\/2025\/10\/Flanders-House-by-SAOTA-in-Belgium-7-1024x683.jpg);\"><\/div><div class=\"eael-timeline-post-title\">\n                    <h2 class=\"eael-timeline-post-title-text\">2. Modern Evler i\u00e7in En \u00d6nemli 5 Mimari Tasar\u0131m \u0130lkesi<\/h2>\n                <\/div><\/a>\n    <\/div>\n<\/article><article class=\"eael-timeline-post eael-timeline-column\">\n    <div class=\"eael-timeline-bullet\"><\/div>\n    <div class=\"eael-timeline-post-inner\">\n        <a class=\"eael-timeline-post-link\" href=\"https:\/\/archiden.net\/tr\/1-the-future-of-property-development-in-2025\/\" title=\"Tasar\u0131mdan Ger\u00e7e\u011fe: Anahtar Teslimi Proje S\u00fcrecinin \u0130\u00e7inden\">\n            <time datetime=\"Ekim 17, 2025\">Ekim 17, 2025<\/time>\n            <div class=\"eael-timeline-post-image  attachment-large size-large\" style=\"background-image: url(https:\/\/archiden.net\/wp-content\/uploads\/2025\/10\/engineers-reviewing-plans-stockcake.jpg);\"><\/div><div class=\"eael-timeline-post-title\">\n                    <h2 class=\"eael-timeline-post-title-text\">Tasar\u0131mdan Ger\u00e7e\u011fe: Anahtar Teslimi Proje S\u00fcrecinin \u0130\u00e7inden<\/h2>\n                <\/div><\/a>\n    <\/div>\n<\/article><article class=\"eael-timeline-post eael-timeline-column\">\n    <div class=\"eael-timeline-bullet\"><\/div>\n    <div class=\"eael-timeline-post-inner\">\n        <a class=\"eael-timeline-post-link\" href=\"https:\/\/archiden.net\/tr\/1-the-future-of-property-development-in-2025-copy\/\" title=\"The Future of Real Estate Development: Smart &amp; Sustainable Cities\">\n            <time datetime=\"Ekim 17, 2025\">Ekim 17, 2025<\/time>\n            <div class=\"eael-timeline-post-image  attachment-large size-large\" style=\"background-image: url(https:\/\/archiden.net\/wp-content\/uploads\/2025\/10\/modern-glass-office-building-towers-urban-landscape-with-blue-sky-peeking-through-sustain_661047-13335.avif);\"><\/div><div class=\"eael-timeline-post-title\">\n                    <h2 class=\"eael-timeline-post-title-text\">Gayrimenkul Geli\u015ftirmenin Gelece\u011fi: Ak\u0131ll\u0131 ve S\u00fcrd\u00fcr\u00fclebilir \u015eehirler<\/h2>\n                <\/div><\/a>\n    <\/div>\n<\/article><article class=\"eael-timeline-post eael-timeline-column\">\n    <div class=\"eael-timeline-bullet\"><\/div>\n    <div class=\"eael-timeline-post-inner\">\n        <a class=\"eael-timeline-post-link\" href=\"https:\/\/archiden.net\/tr\/building-for-tomorrow-why-sustainability-defines-modern-construction\/\" title=\"Yar\u0131n i\u00e7in in\u015fa etmek: S\u00fcrd\u00fcr\u00fclebilirlik neden modern in\u015faat\u0131 tan\u0131mlar?\">\n            <time datetime=\"Ekim 16, 2025\">Ekim 16, 2025<\/time>\n            <div class=\"eael-timeline-post-image  attachment-large size-large\" style=\"background-image: url(https:\/\/archiden.net\/wp-content\/uploads\/2025\/10\/Marie-Selby-Botanical-Gardens-_-Photo-6-scaled-2-1024x576.webp);\"><\/div><div class=\"eael-timeline-post-title\">\n                    <h2 class=\"eael-timeline-post-title-text\">Yar\u0131n i\u00e7in in\u015fa etmek: S\u00fcrd\u00fcr\u00fclebilirlik neden modern in\u015faat\u0131 tan\u0131mlar?<\/h2>\n                <\/div><\/a>\n    <\/div>\n<\/article><\/div>\n\t\t<\/div>\t\t\t\t<\/div>\n\t\t\t\t\t<\/div>\n\t\t\t\t<\/div>\n\t\t<div data-particle_enable=\"false\" data-particle-mobile-disabled=\"false\" class=\"elementor-element elementor-element-4d3b859 e-flex e-con-boxed e-con e-parent\" data-id=\"4d3b859\" data-element_type=\"container\">\n\t\t\t\t\t<div class=\"e-con-inner\">\n\t\t<div data-particle_enable=\"false\" data-particle-mobile-disabled=\"false\" class=\"elementor-element elementor-element-8192366 e-con-full e-flex e-con e-child\" data-id=\"8192366\" data-element_type=\"container\">\n\t\t<div data-particle_enable=\"false\" data-particle-mobile-disabled=\"false\" class=\"elementor-element elementor-element-d268463 e-con-full e-flex e-con e-child\" data-id=\"d268463\" data-element_type=\"container\" data-settings=\"{&quot;background_background&quot;:&quot;classic&quot;}\">\n\t\t\t\t<div class=\"elementor-element elementor-element-b9ab0fd elementor-widget__width-initial elementor-widget elementor-widget-image\" data-id=\"b9ab0fd\" data-element_type=\"widget\" data-widget_type=\"image.default\">\n\t\t\t\t\t\t\t\t\t\t\t\t\t\t\t<img decoding=\"async\" src=\"https:\/\/archiden.net\/wp-content\/uploads\/elementor\/thumbs\/0c4413d47c37302d5b0ffe65295cf1d08dac5b7d-ri7p751f09bs3idmsqhwtnp5kx9ho9pkh9vot4lx3s.png\" title=\"0c4413d47c37302d5b0ffe65295cf1d08dac5b7d\" alt=\"0c4413d47c37302d5b0ffe65295cf1d08dac5b7d\" loading=\"lazy\" \/>\t\t\t\t\t\t\t\t\t\t\t\t\t\t\t<\/div>\n\t\t<div data-particle_enable=\"false\" data-particle-mobile-disabled=\"false\" class=\"elementor-element elementor-element-a759919 e-con-full e-flex e-con e-child\" data-id=\"a759919\" data-element_type=\"container\">\n\t\t\t\t<div class=\"elementor-element elementor-element-d58f9f9 elementor-widget elementor-widget-heading\" data-id=\"d58f9f9\" data-element_type=\"widget\" data-widget_type=\"heading.default\">\n\t\t\t\t\t<h2 class=\"elementor-heading-title elementor-size-default\">Adres Bilgileri<\/h2>\t\t\t\t<\/div>\n\t\t\t\t<div class=\"elementor-element elementor-element-8f8af3f elementor-widget__width-initial elementor-widget elementor-widget-text-editor\" data-id=\"8f8af3f\" data-element_type=\"widget\" data-widget_type=\"text-editor.default\">\n\t\t\t\t\t\t\t\t\t<p>Kyiv | G. Stalingrada Avenue, 6<br \/>Vilnius | Antakalnio St. 17<\/p>\t\t\t\t\t\t\t\t<\/div>\n\t\t\t\t<\/div>\n\t\t\t\t<div class=\"elementor-element elementor-element-7361065 elementor-widget__width-initial elementor-widget elementor-widget-image\" data-id=\"7361065\" data-element_type=\"widget\" data-widget_type=\"image.default\">\n\t\t\t\t\t\t\t\t\t\t\t\t\t\t\t<img decoding=\"async\" src=\"https:\/\/archiden.net\/wp-content\/uploads\/elementor\/thumbs\/f2f64bd7c595041c37c9117ba7405d5b6d2237e3-ri7p751f09bq1un7d4mnyy45jjf2joig7xbwltyf78.png\" title=\"f2f64bd7c595041c37c9117ba7405d5b6d2237e3\" alt=\"f2f64bd7c595041c37c9117ba7405d5b6d2237e3\" loading=\"lazy\" \/>\t\t\t\t\t\t\t\t\t\t\t\t\t\t\t<\/div>\n\t\t<div data-particle_enable=\"false\" data-particle-mobile-disabled=\"false\" class=\"elementor-element elementor-element-8e8618e e-con-full e-flex e-con e-child\" data-id=\"8e8618e\" data-element_type=\"container\">\n\t\t\t\t<div class=\"elementor-element elementor-element-9dd72ec elementor-widget elementor-widget-heading\" data-id=\"9dd72ec\" data-element_type=\"widget\" data-widget_type=\"heading.default\">\n\t\t\t\t\t<h2 class=\"elementor-heading-title elementor-size-default\">\u00c7al\u0131\u015fma saatleri<\/h2>\t\t\t\t<\/div>\n\t\t\t\t<div class=\"elementor-element elementor-element-8121ed2 elementor-widget__width-initial elementor-widget elementor-widget-text-editor\" data-id=\"8121ed2\" data-element_type=\"widget\" data-widget_type=\"text-editor.default\">\n\t\t\t\t\t\t\t\t\t<p>Monday to Friday 09:00 to 18:30 &#8211; Saturday we work until 15:30<\/p>\t\t\t\t\t\t\t\t<\/div>\n\t\t\t\t<\/div>\n\t\t\t\t<div class=\"elementor-element elementor-element-f075c3d elementor-widget__width-initial elementor-widget elementor-widget-image\" data-id=\"f075c3d\" data-element_type=\"widget\" data-widget_type=\"image.default\">\n\t\t\t\t\t\t\t\t\t\t\t\t\t\t\t<img decoding=\"async\" src=\"https:\/\/archiden.net\/wp-content\/uploads\/elementor\/thumbs\/796bde9008c6a8f60686ff67acf939ef5a2755d0-ri7p751f09bs3idmsqhwtnp5kx9ho9pkh9vot4lx3s.png\" title=\"796bde9008c6a8f60686ff67acf939ef5a2755d0\" alt=\"796bde9008c6a8f60686ff67acf939ef5a2755d0\" loading=\"lazy\" \/>\t\t\t\t\t\t\t\t\t\t\t\t\t\t\t<\/div>\n\t\t<div data-particle_enable=\"false\" data-particle-mobile-disabled=\"false\" class=\"elementor-element elementor-element-738fe80 e-con-full e-flex e-con e-child\" data-id=\"738fe80\" data-element_type=\"container\">\n\t\t\t\t<div class=\"elementor-element elementor-element-b585e86 elementor-widget elementor-widget-heading\" data-id=\"b585e86\" data-element_type=\"widget\" data-widget_type=\"heading.default\">\n\t\t\t\t\t<h2 class=\"elementor-heading-title elementor-size-default\">Sat\u0131\u015f Ofisi<\/h2>\t\t\t\t<\/div>\n\t\t\t\t<div class=\"elementor-element elementor-element-dca2f23 elementor-widget__width-initial elementor-widget elementor-widget-text-editor\" data-id=\"dca2f23\" data-element_type=\"widget\" data-widget_type=\"text-editor.default\">\n\t\t\t\t\t\t\t\t\t<p>Boryssa Himry 124 B Block Pozniaky<br \/>Kiev Oblast \u2013 Ukraine<\/p>\t\t\t\t\t\t\t\t<\/div>\n\t\t\t\t<\/div>\n\t\t\t\t<\/div>\n\t\t\t\t<\/div>\n\t\t\t\t\t<\/div>\n\t\t\t\t<\/div>\n\t\t\t\t<\/div>","protected":false},"excerpt":{"rendered":"<p>Insights That Inspire Growth Discover insights and ideas to keep you ahead in your industry. October 18, 2025 Top 5 Architectural Design Principles for Modern Homes October 17, 2025 From Blueprint to Reality: Inside the Turnkey Project Process October 17, 2025 The Future of Real Estate Development: Smart &amp; Sustainable Cities October 16, 2025 Building [&hellip;]<\/p>","protected":false},"author":5,"featured_media":0,"parent":0,"menu_order":0,"comment_status":"closed","ping_status":"closed","template":"","meta":{"_acf_changed":false,"footnotes":""},"class_list":["post-1707","page","type-page","status-publish","hentry"],"blocksy_meta":{"has_hero_section":"disabled","styles_descriptor":{"styles":{"desktop":"","tablet":"","mobile":""},"google_fonts":[],"version":6}},"acf":[],"_hostinger_reach_plugin_has_subscription_block":false,"_hostinger_reach_plugin_is_elementor":false,"_links":{"self":[{"href":"https:\/\/archiden.net\/tr\/wp-json\/wp\/v2\/pages\/1707","targetHints":{"allow":["GET"]}}],"collection":[{"href":"https:\/\/archiden.net\/tr\/wp-json\/wp\/v2\/pages"}],"about":[{"href":"https:\/\/archiden.net\/tr\/wp-json\/wp\/v2\/types\/page"}],"author":[{"embeddable":true,"href":"https:\/\/archiden.net\/tr\/wp-json\/wp\/v2\/users\/5"}],"replies":[{"embeddable":true,"href":"https:\/\/archiden.net\/tr\/wp-json\/wp\/v2\/comments?post=1707"}],"version-history":[{"count":116,"href":"https:\/\/archiden.net\/tr\/wp-json\/wp\/v2\/pages\/1707\/revisions"}],"predecessor-version":[{"id":3118,"href":"https:\/\/archiden.net\/tr\/wp-json\/wp\/v2\/pages\/1707\/revisions\/3118"}],"wp:attachment":[{"href":"https:\/\/archiden.net\/tr\/wp-json\/wp\/v2\/media?parent=1707"}],"curies":[{"name":"wp","href":"https:\/\/api.w.org\/{rel}","templated":true}]}}