{"id":22,"date":"2025-09-30T10:30:45","date_gmt":"2025-09-30T10:30:45","guid":{"rendered":"https:\/\/archiden.net\/?page_id=22"},"modified":"2025-11-08T16:57:12","modified_gmt":"2025-11-08T16:57:12","slug":"about-us","status":"publish","type":"page","link":"https:\/\/archiden.net\/tr\/about-us\/","title":{"rendered":"Hakk\u0131m\u0131zda"},"content":{"rendered":"<div data-elementor-type=\"wp-page\" data-elementor-id=\"22\" class=\"elementor elementor-22\">\n\t\t\t\t<div data-particle_enable=\"false\" data-particle-mobile-disabled=\"false\" class=\"elementor-element elementor-element-5de0430 e-flex e-con-boxed e-con e-parent\" data-id=\"5de0430\" data-element_type=\"container\" data-settings=\"{&quot;background_background&quot;:&quot;classic&quot;}\">\n\t\t\t\t\t<div class=\"e-con-inner\">\n\t\t<div data-particle_enable=\"false\" data-particle-mobile-disabled=\"false\" class=\"elementor-element elementor-element-4cfa3de e-con-full e-flex e-con e-child\" data-id=\"4cfa3de\" data-element_type=\"container\">\n\t\t\t\t<div class=\"elementor-element elementor-element-601bf24 elementor-widget elementor-widget-heading\" data-id=\"601bf24\" data-element_type=\"widget\" data-widget_type=\"heading.default\">\n\t\t\t\t\t<h1 class=\"elementor-heading-title elementor-size-default\">ArchiDen hakk\u0131nda<\/h1>\t\t\t\t<\/div>\n\t\t\t\t<div class=\"elementor-element elementor-element-3be1b82 elementor-widget__width-initial elementor-widget elementor-widget-heading\" data-id=\"3be1b82\" data-element_type=\"widget\" data-widget_type=\"heading.default\">\n\t\t\t\t\t<h3 class=\"elementor-heading-title elementor-size-default\">ArchiDen, \u00f6nde gelen bir in\u015faat ve gayrimenkul geli\u015ftirme \u015firketidir.<\/h3>\t\t\t\t<\/div>\n\t\t\t\t<\/div>\n\t\t\t\t\t<\/div>\n\t\t\t\t<\/div>\n\t\t<div data-particle_enable=\"false\" data-particle-mobile-disabled=\"false\" class=\"elementor-element elementor-element-c75fc64 e-flex e-con-boxed e-con e-parent\" data-id=\"c75fc64\" data-element_type=\"container\">\n\t\t\t\t\t<div class=\"e-con-inner\">\n\t\t<div data-particle_enable=\"false\" data-particle-mobile-disabled=\"false\" class=\"elementor-element elementor-element-3b0bd81 e-con-full e-flex e-con e-child\" data-id=\"3b0bd81\" data-element_type=\"container\">\n\t\t<div data-particle_enable=\"false\" data-particle-mobile-disabled=\"false\" class=\"elementor-element elementor-element-f8fdd00 e-con-full e-flex e-con e-child\" data-id=\"f8fdd00\" data-element_type=\"container\" data-settings=\"{&quot;background_background&quot;:&quot;classic&quot;}\">\n\t\t<div data-particle_enable=\"false\" data-particle-mobile-disabled=\"false\" class=\"elementor-element elementor-element-2fa5283 e-con-full e-flex e-con e-child\" data-id=\"2fa5283\" data-element_type=\"container\">\n\t\t\t\t<div class=\"elementor-element elementor-element-7d4556f elementor-widget elementor-widget-shortcode\" data-id=\"7d4556f\" data-element_type=\"widget\" data-widget_type=\"shortcode.default\">\n\t\t\t\t\t\t\t<div class=\"elementor-shortcode\"><nav aria-label=\"breadcrumbs\" class=\"rank-math-breadcrumb\"><p><span class=\"last\">Ana Sayfa<\/span><\/p><\/nav><\/div>\n\t\t\t\t\t\t<\/div>\n\t\t\t\t<\/div>\n\t\t\t\t<\/div>\n\t\t\t\t<\/div>\n\t\t\t\t\t<\/div>\n\t\t\t\t<\/div>\n\t\t<div data-particle_enable=\"false\" data-particle-mobile-disabled=\"false\" class=\"elementor-element elementor-element-bce5be2 e-flex e-con-boxed e-con e-parent\" data-id=\"bce5be2\" data-element_type=\"container\">\n\t\t\t\t\t<div class=\"e-con-inner\">\n\t\t<div data-particle_enable=\"false\" data-particle-mobile-disabled=\"false\" class=\"elementor-element elementor-element-39339b6 e-con-full e-flex e-con e-child\" data-id=\"39339b6\" data-element_type=\"container\">\n\t\t\t\t<div class=\"elementor-element elementor-element-831f517 elementor-widget elementor-widget-heading\" data-id=\"831f517\" data-element_type=\"widget\" data-widget_type=\"heading.default\">\n\t\t\t\t\t<h2 class=\"elementor-heading-title elementor-size-default\">Hakk\u0131nda <span style=\"color:#2F333D\">ArchiDen<\/span><\/h2>\t\t\t\t<\/div>\n\t\t\t\t<div class=\"elementor-element elementor-element-2bf846b elementor-widget elementor-widget-text-editor\" data-id=\"2bf846b\" data-element_type=\"widget\" data-widget_type=\"text-editor.default\">\n\t\t\t\t\t\t\t\t\t<p>L\u00fcks projelerin tamam\u0131yla ya\u015fam kalitesini bir \u00fcst seviyeye \u00e7\u0131karmay\u0131 hedefleyerek.<\/p>\t\t\t\t\t\t\t\t<\/div>\n\t\t<div data-particle_enable=\"false\" data-particle-mobile-disabled=\"false\" class=\"elementor-element elementor-element-6cd7028 e-con-full e-flex e-con e-child\" data-id=\"6cd7028\" data-element_type=\"container\">\n\t\t<div data-particle_enable=\"false\" data-particle-mobile-disabled=\"false\" class=\"elementor-element elementor-element-e131050 e-con-full e-flex e-con e-child\" data-id=\"e131050\" data-element_type=\"container\">\n\t\t\t\t<div class=\"elementor-element elementor-element-7ac52f8 elementor-widget__width-initial elementor-widget elementor-widget-text-editor\" data-id=\"7ac52f8\" data-element_type=\"widget\" data-widget_type=\"text-editor.default\">\n\t\t\t\t\t\t\t\t\t<p>M\u00fchendislik \u00e7al\u0131\u015fmalar\u0131 ve mimari tasar\u0131mlardan, en y\u00fcksek teknik ve idari standartlarda nihai teslimata kadar.<br \/>\u00d6zel sekt\u00f6r m\u00fc\u015fterilerine, yat\u0131r\u0131mc\u0131lara ve devlet kurumlar\u0131na gururla hizmet vererek, yerel d\u00fczenlemelere ve uluslararas\u0131 standartlara tam olarak uygun \u015fekilde stratejik ihalelere ve b\u00fcy\u00fck \u00f6l\u00e7ekli kamu projelerine kat\u0131l\u0131yoruz.<\/p>\t\t\t\t\t\t\t\t<\/div>\n\t\t\t\t<\/div>\n\t\t<div data-particle_enable=\"false\" data-particle-mobile-disabled=\"false\" class=\"elementor-element elementor-element-a4ee82f e-con-full e-flex e-con e-child\" data-id=\"a4ee82f\" data-element_type=\"container\">\n\t\t\t\t<div class=\"elementor-element elementor-element-0ba3091 elementor-widget__width-initial elementor-widget elementor-widget-text-editor\" data-id=\"0ba3091\" data-element_type=\"widget\" data-widget_type=\"text-editor.default\">\n\t\t\t\t\t\t\t\t\t<p>T\u00fcrk ve b\u00f6lgesel pazarlarda 15 y\u0131l\u0131 a\u015fk\u0131n deneyimimizle, kalite, hassasiyet ve s\u00fcrd\u00fcr\u00fclebilirli\u011fe s\u00fcrekli ba\u011fl\u0131 kalarak b\u00fcy\u00fck konut, ticari ve end\u00fcstriyel projeleri ba\u015far\u0131yla tamamlad\u0131k.<\/p>\t\t\t\t\t\t\t\t<\/div>\n\t\t\t\t<\/div>\n\t\t\t\t<\/div>\n\t\t\t\t<\/div>\n\t\t<div data-particle_enable=\"false\" data-particle-mobile-disabled=\"false\" class=\"elementor-element elementor-element-11274ff e-con-full e-flex e-con e-child\" data-id=\"11274ff\" data-element_type=\"container\">\n\t\t\t\t<div class=\"elementor-element elementor-element-e9e9f8d elementor-arrows-position-inside elementor-widget elementor-widget-image-carousel\" data-id=\"e9e9f8d\" data-element_type=\"widget\" data-settings=\"{&quot;slides_to_show&quot;:&quot;1&quot;,&quot;navigation&quot;:&quot;arrows&quot;,&quot;autoplay&quot;:&quot;yes&quot;,&quot;pause_on_hover&quot;:&quot;yes&quot;,&quot;pause_on_interaction&quot;:&quot;yes&quot;,&quot;autoplay_speed&quot;:5000,&quot;infinite&quot;:&quot;yes&quot;,&quot;effect&quot;:&quot;slide&quot;,&quot;speed&quot;:500}\" data-widget_type=\"image-carousel.default\">\n\t\t\t\t\t\t\t<div class=\"elementor-image-carousel-wrapper swiper\" role=\"region\" aria-roledescription=\"carousel\" aria-label=\"Image Carousel\" dir=\"ltr\">\n\t\t\t<div class=\"elementor-image-carousel swiper-wrapper\" aria-live=\"off\">\n\t\t\t\t\t\t\t\t<div class=\"swiper-slide\" role=\"group\" aria-roledescription=\"slide\" aria-label=\"1 of 7\"><figure class=\"swiper-slide-inner\"><img decoding=\"async\" class=\"swiper-slide-image\" src=\"https:\/\/archiden.net\/wp-content\/uploads\/elementor\/thumbs\/fb4931f27d4277139c1e6aa554a434e943505b8c-3-ri7p751tmip8e1u55llpvpbfhm1b6h8dxso18f9rsg.jpg\" alt=\"fb4931f27d4277139c1e6aa554a434e943505b8c (3)\" \/><\/figure><\/div><div class=\"swiper-slide\" role=\"group\" aria-roledescription=\"slide\" aria-label=\"2 of 7\"><figure class=\"swiper-slide-inner\"><img decoding=\"async\" class=\"swiper-slide-image\" src=\"https:\/\/archiden.net\/wp-content\/uploads\/elementor\/thumbs\/0f3e15f4c35ee7ac0c05850df3c36b41c5b059f1-1-ri7p751tmip8e1u55llpvpbfhm1b6h8dxso18f9rsg.jpg\" alt=\"0f3e15f4c35ee7ac0c05850df3c36b41c5b059f1 (1)\" \/><\/figure><\/div><div class=\"swiper-slide\" role=\"group\" aria-roledescription=\"slide\" aria-label=\"3 of 7\"><figure class=\"swiper-slide-inner\"><img decoding=\"async\" class=\"swiper-slide-image\" src=\"https:\/\/archiden.net\/wp-content\/uploads\/elementor\/thumbs\/0173b76e5cecc36e91b81a940f05fe4e79a454ae-ri7p751tmip8e1u55llpvpbfhm1b6h8dxso18f9rsg.jpg\" alt=\"0173b76e5cecc36e91b81a940f05fe4e79a454ae\" \/><\/figure><\/div><div class=\"swiper-slide\" role=\"group\" aria-roledescription=\"slide\" aria-label=\"4 of 7\"><figure class=\"swiper-slide-inner\"><img decoding=\"async\" class=\"swiper-slide-image\" src=\"https:\/\/archiden.net\/wp-content\/uploads\/elementor\/thumbs\/df2496cb94482b5e0bd6ed9c23aa7aa33c6af349-ri7p751tmip8e1u55llpvpbfhm1b6h8dxso18f9rsg.jpg\" alt=\"df2496cb94482b5e0bd6ed9c23aa7aa33c6af349\" \/><\/figure><\/div><div class=\"swiper-slide\" role=\"group\" aria-roledescription=\"slide\" aria-label=\"5 of 7\"><figure class=\"swiper-slide-inner\"><img decoding=\"async\" class=\"swiper-slide-image\" src=\"https:\/\/archiden.net\/wp-content\/uploads\/elementor\/thumbs\/fb4931f27d4277139c1e6aa554a434e943505b8c-2-ri7p751tmip8e1u55llpvpbfhm1b6h8dxso18f9rsg.jpg\" alt=\"fb4931f27d4277139c1e6aa554a434e943505b8c (2)\" \/><\/figure><\/div><div class=\"swiper-slide\" role=\"group\" aria-roledescription=\"slide\" aria-label=\"6 of 7\"><figure class=\"swiper-slide-inner\"><img decoding=\"async\" class=\"swiper-slide-image\" src=\"https:\/\/archiden.net\/wp-content\/uploads\/elementor\/thumbs\/434766586fe4e7624991a5c6ad8c9fbfb7e956f9-ri7p751tmip8e1u55llpvpbfhm1b6h8dxso18f9rsg.jpg\" alt=\"434766586fe4e7624991a5c6ad8c9fbfb7e956f9\" \/><\/figure><\/div><div class=\"swiper-slide\" role=\"group\" aria-roledescription=\"slide\" aria-label=\"7 of 7\"><figure class=\"swiper-slide-inner\"><img decoding=\"async\" class=\"swiper-slide-image\" src=\"https:\/\/archiden.net\/wp-content\/uploads\/elementor\/thumbs\/8cc4599d5626d895bd96a08ef2d4885c657f252c-ri7p751tmip8e1u55llpvpbfhm1b6h8dxso18f9rsg.jpg\" alt=\"8cc4599d5626d895bd96a08ef2d4885c657f252c\" \/><\/figure><\/div>\t\t\t<\/div>\n\t\t\t\t\t\t\t\t\t\t\t\t<div class=\"elementor-swiper-button elementor-swiper-button-prev\" role=\"button\" tabindex=\"0\">\n\t\t\t\t\t\t<svg aria-hidden=\"true\" class=\"e-font-icon-svg e-eicon-chevron-left\" viewbox=\"0 0 1000 1000\" xmlns=\"http:\/\/www.w3.org\/2000\/svg\"><path d=\"M646 125C629 125 613 133 604 142L308 442C296 454 292 471 292 487 292 504 296 521 308 533L604 854C617 867 629 875 646 875 663 875 679 871 692 858 704 846 713 829 713 812 713 796 708 779 692 767L438 487 692 225C700 217 708 204 708 187 708 171 704 154 692 142 675 129 663 125 646 125Z\"><\/path><\/svg>\t\t\t\t\t<\/div>\n\t\t\t\t\t<div class=\"elementor-swiper-button elementor-swiper-button-next\" role=\"button\" tabindex=\"0\">\n\t\t\t\t\t\t<svg aria-hidden=\"true\" class=\"e-font-icon-svg e-eicon-chevron-right\" viewbox=\"0 0 1000 1000\" xmlns=\"http:\/\/www.w3.org\/2000\/svg\"><path d=\"M696 533C708 521 713 504 713 487 713 471 708 454 696 446L400 146C388 133 375 125 354 125 338 125 325 129 313 142 300 154 292 171 292 187 292 204 296 221 308 233L563 492 304 771C292 783 288 800 288 817 288 833 296 850 308 863 321 871 338 875 354 875 371 875 388 867 400 854L696 533Z\"><\/path><\/svg>\t\t\t\t\t<\/div>\n\t\t\t\t\n\t\t\t\t\t\t\t\t\t<\/div>\n\t\t\t\t\t\t<\/div>\n\t\t\t\t<\/div>\n\t\t<div data-particle_enable=\"false\" data-particle-mobile-disabled=\"false\" class=\"elementor-element elementor-element-ca75267 e-con-full e-flex e-con e-child\" data-id=\"ca75267\" data-element_type=\"container\">\n\t\t\t\t<div class=\"elementor-element elementor-element-e7752e8 elementor-widget-mobile__width-initial elementor-widget elementor-widget-heading\" data-id=\"e7752e8\" data-element_type=\"widget\" data-widget_type=\"heading.default\">\n\t\t\t\t\t<h2 class=\"elementor-heading-title elementor-size-default\">Vizyonumuz<\/h2>\t\t\t\t<\/div>\n\t\t\t\t<div class=\"elementor-element elementor-element-25fe5a1 elementor-widget elementor-widget-text-editor\" data-id=\"25fe5a1\" data-element_type=\"widget\" data-widget_type=\"text-editor.default\">\n\t\t\t\t\t\t\t\t\t<p>Kentsel geli\u015fime ayak uyduran ve topluma katma de\u011fer sa\u011flayan entegre m\u00fchendislik \u00e7\u00f6z\u00fcmleri sunarak, b\u00f6lgenin en \u00f6nde gelen in\u015faat ve gayrimenkul \u015firketleri aras\u0131nda yer almak.<\/p>\t\t\t\t\t\t\t\t<\/div>\n\t\t\t\t<\/div>\n\t\t<div data-particle_enable=\"false\" data-particle-mobile-disabled=\"false\" class=\"elementor-element elementor-element-3f2d1b5 e-con-full e-flex e-con e-child\" data-id=\"3f2d1b5\" data-element_type=\"container\">\n\t\t<div data-particle_enable=\"false\" data-particle-mobile-disabled=\"false\" class=\"elementor-element elementor-element-f589b9d e-con-full e-flex e-con e-child\" data-id=\"f589b9d\" data-element_type=\"container\">\n\t\t\t\t<div class=\"elementor-element elementor-element-09493d6 elementor-widget-mobile__width-initial elementor-widget elementor-widget-heading\" data-id=\"09493d6\" data-element_type=\"widget\" data-widget_type=\"heading.default\">\n\t\t\t\t\t<h2 class=\"elementor-heading-title elementor-size-default\">Temel g\u00fc\u00e7lerimiz<\/h2>\t\t\t\t<\/div>\n\t\t\t\t<div class=\"elementor-element elementor-element-59842ec elementor-widget elementor-widget-text-editor\" data-id=\"59842ec\" data-element_type=\"widget\" data-widget_type=\"text-editor.default\">\n\t\t\t\t\t\t\t\t\t<ul><li>M\u00fchendislik ve Teknik M\u00fckemmellik: En y\u00fcksek standartlara g\u00f6re in\u015fa edilmi\u015f yenilik\u00e7i mimari tasar\u0131mlar ve i\u00e7 mekan \u00e7\u00f6z\u00fcmleri.<\/li><li>Anahtar Teslimi Proje Teslimi: \u00c7al\u0131\u015fmalardan teslimata kadar kapsaml\u0131 uygulama, hassasiyet ve kalite ile.<\/li><li>S\u00fcrd\u00fcr\u00fclebilirlik ve \u0130novasyon: En son in\u015faat teknolojilerini kullanan \u00e7evre dostu \u00e7\u00f6z\u00fcmler.<\/li><li>M\u00fc\u015fteri Memnuniyeti ve Ortakl\u0131klar: M\u00fc\u015fteriler, \u00f6zel yat\u0131r\u0131mc\u0131lar ve kamu kurumlar\u0131 ile kal\u0131c\u0131 ili\u015fkiler kurmak.<\/li><\/ul>\t\t\t\t\t\t\t\t<\/div>\n\t\t\t\t<\/div>\n\t\t<div data-particle_enable=\"false\" data-particle-mobile-disabled=\"false\" class=\"elementor-element elementor-element-ddde8b6 e-con-full e-flex e-con e-child\" data-id=\"ddde8b6\" data-element_type=\"container\">\n\t\t\t\t<div class=\"elementor-element elementor-element-d6affec elementor-widget-mobile__width-initial elementor-widget elementor-widget-heading\" data-id=\"d6affec\" data-element_type=\"widget\" data-widget_type=\"heading.default\">\n\t\t\t\t\t<h2 class=\"elementor-heading-title elementor-size-default\">Hizmetler<\/h2>\t\t\t\t<\/div>\n\t\t\t\t<div class=\"elementor-element elementor-element-365f24c elementor-widget elementor-widget-text-editor\" data-id=\"365f24c\" data-element_type=\"widget\" data-widget_type=\"text-editor.default\">\n\t\t\t\t\t\t\t\t\t<ul><li style=\"padding-top: 4px; padding-bottom: 8px;\">Mimari ve Yap\u0131sal Tasar\u0131m<\/li><li style=\"padding-top: 8px; padding-bottom: 8px;\">Konut, Ticari ve End\u00fcstriyel Proje Y\u00fcr\u00fctme<\/li><li style=\"padding-top: 8px; padding-bottom: 8px;\">Arazi ve Gayrimenkul Geli\u015ftirme<\/li><li style=\"padding-top: 8px; padding-bottom: 8px;\">Proje Y\u00f6netimi ve Teknik Denetim<\/li><li style=\"padding-top: 4px; padding-bottom: 4px;\">H\u00fck\u00fcmet \u0130haleleri ve Kamu Sekt\u00f6r\u00fc Ortakl\u0131klar\u0131<\/li><li style=\"padding-top: 8px; padding-bottom: 8px;\">S\u00fcrd\u00fcr\u00fclebilir Yap\u0131 \u00c7\u00f6z\u00fcmleri ve Modern \u0130n\u015faat Teknolojileri<\/li><\/ul>\t\t\t\t\t\t\t\t<\/div>\n\t\t\t\t<\/div>\n\t\t\t\t<\/div>\n\t\t<div data-particle_enable=\"false\" data-particle-mobile-disabled=\"false\" class=\"elementor-element elementor-element-4f7cbc6 e-con-full e-flex e-con e-child\" data-id=\"4f7cbc6\" data-element_type=\"container\">\n\t\t\t\t<div class=\"elementor-element elementor-element-b3370e1 elementor-widget elementor-widget-video\" data-id=\"b3370e1\" data-element_type=\"widget\" data-settings=\"{&quot;youtube_url&quot;:&quot;https:\\\/\\\/www.youtube.com\\\/watch?v=XHOmBV4js_E&quot;,&quot;video_type&quot;:&quot;youtube&quot;,&quot;controls&quot;:&quot;yes&quot;}\" data-widget_type=\"video.default\">\n\t\t\t\t\t\t\t<div class=\"elementor-wrapper elementor-open-inline\">\n\t\t\t<div class=\"elementor-video\"><\/div>\t\t<\/div>\n\t\t\t\t\t\t<\/div>\n\t\t<div data-particle_enable=\"false\" data-particle-mobile-disabled=\"false\" class=\"elementor-element elementor-element-298ad30 e-con-full e-flex e-con e-child\" data-id=\"298ad30\" data-element_type=\"container\">\n\t\t\t\t<\/div>\n\t\t\t\t<\/div>\n\t\t\t\t\t<\/div>\n\t\t\t\t<\/div>\n\t\t<div data-particle_enable=\"false\" data-particle-mobile-disabled=\"false\" class=\"elementor-element elementor-element-bb79ce4 e-flex e-con-boxed e-con e-parent\" data-id=\"bb79ce4\" data-element_type=\"container\">\n\t\t\t\t\t<div class=\"e-con-inner\">\n\t\t<div data-particle_enable=\"false\" data-particle-mobile-disabled=\"false\" class=\"elementor-element elementor-element-e2bd5e4 e-con-full e-flex e-con e-child\" data-id=\"e2bd5e4\" data-element_type=\"container\" data-settings=\"{&quot;background_background&quot;:&quot;classic&quot;}\">\n\t\t\t\t<div class=\"elementor-element elementor-element-333dfde elementor-widget elementor-widget-text-editor\" data-id=\"333dfde\" data-element_type=\"widget\" data-widget_type=\"text-editor.default\">\n\t\t\t\t\t\t\t\t\t<p>Topluluklar\u0131 \u015fekillendiren ve nesiller boyu uzun vadeli de\u011fer sa\u011flayan mekanlar yaratmaya inan\u0131yoruz.<\/p>\t\t\t\t\t\t\t\t<\/div>\n\t\t\t\t<div class=\"elementor-element elementor-element-0da10d7 elementor-widget elementor-widget-text-editor\" data-id=\"0da10d7\" data-element_type=\"widget\" data-widget_type=\"text-editor.default\">\n\t\t\t\t\t\t\t\t\t<p>ArchiDen Liderlik Ekibi<\/p>\t\t\t\t\t\t\t\t<\/div>\n\t\t\t\t<\/div>\n\t\t\t\t\t<\/div>\n\t\t\t\t<\/div>\n\t\t<div data-particle_enable=\"false\" data-particle-mobile-disabled=\"false\" class=\"elementor-element elementor-element-f9fe763 e-flex e-con-boxed e-con e-parent\" data-id=\"f9fe763\" data-element_type=\"container\">\n\t\t\t\t\t<div class=\"e-con-inner\">\n\t\t<div data-particle_enable=\"false\" data-particle-mobile-disabled=\"false\" class=\"elementor-element elementor-element-b5a0991 e-con-full e-flex e-con e-child\" data-id=\"b5a0991\" data-element_type=\"container\">\n\t\t<div data-particle_enable=\"false\" data-particle-mobile-disabled=\"false\" class=\"elementor-element elementor-element-c8e8830 e-con-full e-flex e-con e-child\" data-id=\"c8e8830\" data-element_type=\"container\" data-settings=\"{&quot;background_background&quot;:&quot;classic&quot;}\">\n\t\t\t\t<div class=\"elementor-element elementor-element-f904bd0 elementor-widget__width-initial elementor-widget elementor-widget-image\" data-id=\"f904bd0\" data-element_type=\"widget\" data-widget_type=\"image.default\">\n\t\t\t\t\t\t\t\t\t\t\t\t\t\t\t<img decoding=\"async\" src=\"https:\/\/archiden.net\/wp-content\/uploads\/elementor\/thumbs\/0c4413d47c37302d5b0ffe65295cf1d08dac5b7d-ri7p751f09bs3idmsqhwtnp5kx9ho9pkh9vot4lx3s.png\" title=\"0c4413d47c37302d5b0ffe65295cf1d08dac5b7d\" alt=\"0c4413d47c37302d5b0ffe65295cf1d08dac5b7d\" loading=\"lazy\" \/>\t\t\t\t\t\t\t\t\t\t\t\t\t\t\t<\/div>\n\t\t<div data-particle_enable=\"false\" data-particle-mobile-disabled=\"false\" class=\"elementor-element elementor-element-601cd0a e-con-full e-flex e-con e-child\" data-id=\"601cd0a\" data-element_type=\"container\">\n\t\t\t\t<div class=\"elementor-element elementor-element-11065b1 elementor-widget elementor-widget-heading\" data-id=\"11065b1\" data-element_type=\"widget\" data-widget_type=\"heading.default\">\n\t\t\t\t\t<h2 class=\"elementor-heading-title elementor-size-default\">Adres Bilgileri<\/h2>\t\t\t\t<\/div>\n\t\t\t\t<div class=\"elementor-element elementor-element-27537aa elementor-widget__width-initial elementor-widget elementor-widget-text-editor\" data-id=\"27537aa\" data-element_type=\"widget\" data-widget_type=\"text-editor.default\">\n\t\t\t\t\t\t\t\t\t<p>Kyiv | G. Stalingrada Avenue, 6<br \/>Vilnius | Antakalnio St. 17<\/p>\t\t\t\t\t\t\t\t<\/div>\n\t\t\t\t<\/div>\n\t\t\t\t<div class=\"elementor-element elementor-element-f333018 elementor-widget__width-initial elementor-widget elementor-widget-image\" data-id=\"f333018\" data-element_type=\"widget\" data-widget_type=\"image.default\">\n\t\t\t\t\t\t\t\t\t\t\t\t\t\t\t<img decoding=\"async\" src=\"https:\/\/archiden.net\/wp-content\/uploads\/elementor\/thumbs\/f2f64bd7c595041c37c9117ba7405d5b6d2237e3-ri7p751f09bq1un7d4mnyy45jjf2joig7xbwltyf78.png\" title=\"f2f64bd7c595041c37c9117ba7405d5b6d2237e3\" alt=\"f2f64bd7c595041c37c9117ba7405d5b6d2237e3\" loading=\"lazy\" \/>\t\t\t\t\t\t\t\t\t\t\t\t\t\t\t<\/div>\n\t\t<div data-particle_enable=\"false\" data-particle-mobile-disabled=\"false\" class=\"elementor-element elementor-element-4b49093 e-con-full e-flex e-con e-child\" data-id=\"4b49093\" data-element_type=\"container\">\n\t\t\t\t<div class=\"elementor-element elementor-element-8a14f06 elementor-widget elementor-widget-heading\" data-id=\"8a14f06\" data-element_type=\"widget\" data-widget_type=\"heading.default\">\n\t\t\t\t\t<h2 class=\"elementor-heading-title elementor-size-default\">\u00c7al\u0131\u015fma saatleri<\/h2>\t\t\t\t<\/div>\n\t\t\t\t<div class=\"elementor-element elementor-element-811f8e8 elementor-widget__width-initial elementor-widget elementor-widget-text-editor\" data-id=\"811f8e8\" data-element_type=\"widget\" data-widget_type=\"text-editor.default\">\n\t\t\t\t\t\t\t\t\t<p>Monday to Friday 09:00 to 18:30 &#8211; Saturday we work until 15:30<\/p>\t\t\t\t\t\t\t\t<\/div>\n\t\t\t\t<\/div>\n\t\t\t\t<div class=\"elementor-element elementor-element-a34ae95 elementor-widget__width-initial elementor-widget elementor-widget-image\" data-id=\"a34ae95\" data-element_type=\"widget\" data-widget_type=\"image.default\">\n\t\t\t\t\t\t\t\t\t\t\t\t\t\t\t<img decoding=\"async\" src=\"https:\/\/archiden.net\/wp-content\/uploads\/elementor\/thumbs\/796bde9008c6a8f60686ff67acf939ef5a2755d0-ri7p751f09bs3idmsqhwtnp5kx9ho9pkh9vot4lx3s.png\" title=\"796bde9008c6a8f60686ff67acf939ef5a2755d0\" alt=\"796bde9008c6a8f60686ff67acf939ef5a2755d0\" loading=\"lazy\" \/>\t\t\t\t\t\t\t\t\t\t\t\t\t\t\t<\/div>\n\t\t<div data-particle_enable=\"false\" data-particle-mobile-disabled=\"false\" class=\"elementor-element elementor-element-30005a2 e-con-full e-flex e-con e-child\" data-id=\"30005a2\" data-element_type=\"container\">\n\t\t\t\t<div class=\"elementor-element elementor-element-86d8b82 elementor-widget elementor-widget-heading\" data-id=\"86d8b82\" data-element_type=\"widget\" data-widget_type=\"heading.default\">\n\t\t\t\t\t<h2 class=\"elementor-heading-title elementor-size-default\">Sat\u0131\u015f Ofisi<\/h2>\t\t\t\t<\/div>\n\t\t\t\t<div class=\"elementor-element elementor-element-d98890d elementor-widget__width-initial elementor-widget elementor-widget-text-editor\" data-id=\"d98890d\" data-element_type=\"widget\" data-widget_type=\"text-editor.default\">\n\t\t\t\t\t\t\t\t\t<p>Boryssa Himry 124 B Block Pozniaky<br \/>Kiev Oblast \u2013 Ukraine<\/p>\t\t\t\t\t\t\t\t<\/div>\n\t\t\t\t<\/div>\n\t\t\t\t<\/div>\n\t\t\t\t<\/div>\n\t\t\t\t\t<\/div>\n\t\t\t\t<\/div>\n\t\t\t\t<\/div>","protected":false},"excerpt":{"rendered":"<p>About ArchiDen ArchiDen is a leading construction and real estate development company About ArchiDen By aiming to take the life quality to an upper level with the whole realized Projects of luxury. From engineering studies and architectural designs to final delivery at the highest technical and administrative standards.We proudly serve private sector clients, investors, and [&hellip;]<\/p>","protected":false},"author":5,"featured_media":0,"parent":0,"menu_order":0,"comment_status":"closed","ping_status":"closed","template":"","meta":{"_acf_changed":false,"footnotes":""},"class_list":["post-22","page","type-page","status-publish","hentry"],"blocksy_meta":{"has_hero_section":"disabled","styles_descriptor":{"styles":{"desktop":"","tablet":"","mobile":""},"google_fonts":[],"version":6}},"acf":[],"_hostinger_reach_plugin_has_subscription_block":false,"_hostinger_reach_plugin_is_elementor":false,"_links":{"self":[{"href":"https:\/\/archiden.net\/tr\/wp-json\/wp\/v2\/pages\/22","targetHints":{"allow":["GET"]}}],"collection":[{"href":"https:\/\/archiden.net\/tr\/wp-json\/wp\/v2\/pages"}],"about":[{"href":"https:\/\/archiden.net\/tr\/wp-json\/wp\/v2\/types\/page"}],"author":[{"embeddable":true,"href":"https:\/\/archiden.net\/tr\/wp-json\/wp\/v2\/users\/5"}],"replies":[{"embeddable":true,"href":"https:\/\/archiden.net\/tr\/wp-json\/wp\/v2\/comments?post=22"}],"version-history":[{"count":616,"href":"https:\/\/archiden.net\/tr\/wp-json\/wp\/v2\/pages\/22\/revisions"}],"predecessor-version":[{"id":3487,"href":"https:\/\/archiden.net\/tr\/wp-json\/wp\/v2\/pages\/22\/revisions\/3487"}],"wp:attachment":[{"href":"https:\/\/archiden.net\/tr\/wp-json\/wp\/v2\/media?parent=22"}],"curies":[{"name":"wp","href":"https:\/\/api.w.org\/{rel}","templated":true}]}}