{"id":25,"date":"2025-09-30T10:33:39","date_gmt":"2025-09-30T10:33:39","guid":{"rendered":"https:\/\/archiden.net\/?page_id=25"},"modified":"2025-11-09T00:50:45","modified_gmt":"2025-11-09T00:50:45","slug":"our-services","status":"publish","type":"page","link":"https:\/\/archiden.net\/tr\/our-services\/","title":{"rendered":"Hizmetlerimiz"},"content":{"rendered":"<div data-elementor-type=\"wp-page\" data-elementor-id=\"25\" class=\"elementor elementor-25\">\n\t\t\t\t<div data-particle_enable=\"false\" data-particle-mobile-disabled=\"false\" class=\"elementor-element elementor-element-613a770 e-flex e-con-boxed e-con e-parent\" data-id=\"613a770\" data-element_type=\"container\" data-settings=\"{&quot;background_background&quot;:&quot;classic&quot;}\">\n\t\t\t\t\t<div class=\"e-con-inner\">\n\t\t<div data-particle_enable=\"false\" data-particle-mobile-disabled=\"false\" class=\"elementor-element elementor-element-514fc01 e-con-full e-flex e-con e-child\" data-id=\"514fc01\" data-element_type=\"container\">\n\t\t\t\t<div class=\"elementor-element elementor-element-2f1e8e3 elementor-widget elementor-widget-heading\" data-id=\"2f1e8e3\" data-element_type=\"widget\" data-widget_type=\"heading.default\">\n\t\t\t\t\t<h1 class=\"elementor-heading-title elementor-size-default\">Hizmetler<\/h1>\t\t\t\t<\/div>\n\t\t\t\t<div class=\"elementor-element elementor-element-62caec3 elementor-widget__width-initial elementor-widget elementor-widget-heading\" data-id=\"62caec3\" data-element_type=\"widget\" data-widget_type=\"heading.default\">\n\t\t\t\t\t<h3 class=\"elementor-heading-title elementor-size-default\">ArchiDen, \u00f6nde gelen bir in\u015faat ve gayrimenkul geli\u015ftirme \u015firketidir.<\/h3>\t\t\t\t<\/div>\n\t\t\t\t<\/div>\n\t\t\t\t\t<\/div>\n\t\t\t\t<\/div>\n\t\t<div data-particle_enable=\"false\" data-particle-mobile-disabled=\"false\" class=\"elementor-element elementor-element-723092d e-flex e-con-boxed e-con e-parent\" data-id=\"723092d\" data-element_type=\"container\">\n\t\t\t\t\t<div class=\"e-con-inner\">\n\t\t<div data-particle_enable=\"false\" data-particle-mobile-disabled=\"false\" class=\"elementor-element elementor-element-7a8fa57 e-con-full e-flex e-con e-child\" data-id=\"7a8fa57\" data-element_type=\"container\">\n\t\t<div data-particle_enable=\"false\" data-particle-mobile-disabled=\"false\" class=\"elementor-element elementor-element-e3706c1 e-con-full e-flex e-con e-child\" data-id=\"e3706c1\" data-element_type=\"container\" data-settings=\"{&quot;background_background&quot;:&quot;classic&quot;}\">\n\t\t<div data-particle_enable=\"false\" data-particle-mobile-disabled=\"false\" class=\"elementor-element elementor-element-9da9c5d e-con-full e-flex e-con e-child\" data-id=\"9da9c5d\" data-element_type=\"container\">\n\t\t\t\t<div class=\"elementor-element elementor-element-f74a931 elementor-widget elementor-widget-shortcode\" data-id=\"f74a931\" data-element_type=\"widget\" data-widget_type=\"shortcode.default\">\n\t\t\t\t\t\t\t<div class=\"elementor-shortcode\"><nav aria-label=\"breadcrumbs\" class=\"rank-math-breadcrumb\"><p><span class=\"last\">Ana Sayfa<\/span><\/p><\/nav><\/div>\n\t\t\t\t\t\t<\/div>\n\t\t\t\t<\/div>\n\t\t\t\t<\/div>\n\t\t\t\t<\/div>\n\t\t\t\t\t<\/div>\n\t\t\t\t<\/div>\n\t\t<div data-particle_enable=\"false\" data-particle-mobile-disabled=\"false\" class=\"elementor-element elementor-element-0704ebe e-con-full e-flex e-con e-parent\" data-id=\"0704ebe\" data-element_type=\"container\">\n\t\t\t\t<div class=\"elementor-element elementor-element-443bc26 elementor-grid-eael-col-3 elementor-grid-tablet-eael-col-2 elementor-grid-mobile-eael-col-1 elementor-widget elementor-widget-eael-post-grid\" data-id=\"443bc26\" data-element_type=\"widget\" data-settings=\"{&quot;eael_post_grid_columns&quot;:&quot;eael-col-3&quot;,&quot;eael_post_grid_columns_tablet&quot;:&quot;eael-col-2&quot;,&quot;eael_post_grid_columns_mobile&quot;:&quot;eael-col-1&quot;}\" data-widget_type=\"eael-post-grid.default\">\n\t\t\t\t\t<div id=\"eael-post-grid-443bc26\" class=\"eael-post-grid-container\">\n            <div class=\"eael-post-grid eael-post-appender eael-post-appender-443bc26 eael-post-grid-style-two\" data-layout-mode=\"grid\"><article class=\"eael-grid-post eael-post-grid-column\" data-id=\"792\">\n    <div class=\"eael-grid-post-holder\">\n        <div class=\"eael-grid-post-holder-inner\"><div class=\"eael-entry-media\"><div class=\"eael-entry-overlay zoom-in\"><i class=\"\" aria-hidden=\"true\"><\/i><a href=\"https:\/\/archiden.net\/tr\/services\/building-solutions\/\"><\/a><\/div><div class=\"eael-entry-thumbnail eael-image-ratio\">\n                            <img fetchpriority=\"high\" decoding=\"async\" width=\"1024\" height=\"576\" src=\"https:\/\/archiden.net\/wp-content\/uploads\/2025\/10\/ea8308aba45a9c82da4bd379677fd290558897cf-1024x576.jpg\" class=\"attachment-large size-large wp-image-499\" alt=\"\" srcset=\"https:\/\/archiden.net\/wp-content\/uploads\/2025\/10\/ea8308aba45a9c82da4bd379677fd290558897cf-1024x576.jpg 1024w, https:\/\/archiden.net\/wp-content\/uploads\/2025\/10\/ea8308aba45a9c82da4bd379677fd290558897cf-300x169.jpg 300w, https:\/\/archiden.net\/wp-content\/uploads\/2025\/10\/ea8308aba45a9c82da4bd379677fd290558897cf-768x432.jpg 768w, https:\/\/archiden.net\/wp-content\/uploads\/2025\/10\/ea8308aba45a9c82da4bd379677fd290558897cf-1536x864.jpg 1536w, https:\/\/archiden.net\/wp-content\/uploads\/2025\/10\/ea8308aba45a9c82da4bd379677fd290558897cf.jpg 1920w\" sizes=\"(max-width: 1024px) 100vw, 1024px\" \/>\n                            <\/div>\n                    <\/div><div class=\"eael-entry-wrapper\"><header class=\"eael-entry-header\"><h2 class=\"eael-entry-title\"><a class=\"eael-grid-post-link\" href=\"https:\/\/archiden.net\/tr\/services\/building-solutions\/\" title=\"\u0130n\u015faat \u00e7\u00f6z\u00fcmleri\">\u0130n\u015faat \u00e7\u00f6z\u00fcmleri<\/a><\/h2><\/header><div class=\"eael-entry-content\">\n                                <div class=\"eael-grid-post-excerpt\"><p>S\u00fcrd\u00fcr\u00fclebilir bina \u00e7\u00f6z\u00fcmleri ve modern teknolojiler<\/p><\/div>\n                            <\/div><\/div><\/div>\n    <\/div>\n<\/article><article class=\"eael-grid-post eael-post-grid-column\" data-id=\"788\">\n    <div class=\"eael-grid-post-holder\">\n        <div class=\"eael-grid-post-holder-inner\"><div class=\"eael-entry-media\"><div class=\"eael-entry-overlay zoom-in\"><i class=\"\" aria-hidden=\"true\"><\/i><a href=\"https:\/\/archiden.net\/tr\/services\/government-partnerships\/\"><\/a><\/div><div class=\"eael-entry-thumbnail eael-image-ratio\">\n                            <img decoding=\"async\" width=\"1024\" height=\"629\" src=\"https:\/\/archiden.net\/wp-content\/uploads\/2025\/10\/fb4931f27d4277139c1e6aa554a434e943505b8c-3-1024x629.jpg\" class=\"attachment-large size-large wp-image-372\" alt=\"\" srcset=\"https:\/\/archiden.net\/wp-content\/uploads\/2025\/10\/fb4931f27d4277139c1e6aa554a434e943505b8c-3-1024x629.jpg 1024w, https:\/\/archiden.net\/wp-content\/uploads\/2025\/10\/fb4931f27d4277139c1e6aa554a434e943505b8c-3-300x184.jpg 300w, https:\/\/archiden.net\/wp-content\/uploads\/2025\/10\/fb4931f27d4277139c1e6aa554a434e943505b8c-3-768x472.jpg 768w, https:\/\/archiden.net\/wp-content\/uploads\/2025\/10\/fb4931f27d4277139c1e6aa554a434e943505b8c-3-1536x944.jpg 1536w, https:\/\/archiden.net\/wp-content\/uploads\/2025\/10\/fb4931f27d4277139c1e6aa554a434e943505b8c-3.jpg 1920w\" sizes=\"(max-width: 1024px) 100vw, 1024px\" \/>\n                            <\/div>\n                    <\/div><div class=\"eael-entry-wrapper\"><header class=\"eael-entry-header\"><h2 class=\"eael-entry-title\"><a class=\"eael-grid-post-link\" href=\"https:\/\/archiden.net\/tr\/services\/government-partnerships\/\" title=\"Government &#038; Partnerships\">H\u00fck\u00fcmet ve Ortakl\u0131klar<\/a><\/h2><\/header><div class=\"eael-entry-content\">\n                                <div class=\"eael-grid-post-excerpt\"><p>Kamu ihaleleri ve kamu sekt\u00f6r\u00fc ile ortakl\u0131klar<\/p><\/div>\n                            <\/div><\/div><\/div>\n    <\/div>\n<\/article><article class=\"eael-grid-post eael-post-grid-column\" data-id=\"787\">\n    <div class=\"eael-grid-post-holder\">\n        <div class=\"eael-grid-post-holder-inner\"><div class=\"eael-entry-media\"><div class=\"eael-entry-overlay zoom-in\"><i class=\"\" aria-hidden=\"true\"><\/i><a href=\"https:\/\/archiden.net\/tr\/services\/real-estate-marketing-and-sales-solutions\/\"><\/a><\/div><div class=\"eael-entry-thumbnail eael-image-ratio\">\n                            <img decoding=\"async\" width=\"1024\" height=\"925\" src=\"https:\/\/archiden.net\/wp-content\/uploads\/2025\/09\/8cc4599d5626d895bd96a08ef2d4885c657f252c-1024x925.jpg\" class=\"attachment-large size-large wp-image-140\" alt=\"\" srcset=\"https:\/\/archiden.net\/wp-content\/uploads\/2025\/09\/8cc4599d5626d895bd96a08ef2d4885c657f252c-1024x925.jpg 1024w, https:\/\/archiden.net\/wp-content\/uploads\/2025\/09\/8cc4599d5626d895bd96a08ef2d4885c657f252c-300x271.jpg 300w, https:\/\/archiden.net\/wp-content\/uploads\/2025\/09\/8cc4599d5626d895bd96a08ef2d4885c657f252c-768x694.jpg 768w, https:\/\/archiden.net\/wp-content\/uploads\/2025\/09\/8cc4599d5626d895bd96a08ef2d4885c657f252c-1536x1388.jpg 1536w, https:\/\/archiden.net\/wp-content\/uploads\/2025\/09\/8cc4599d5626d895bd96a08ef2d4885c657f252c.jpg 1920w\" sizes=\"(max-width: 1024px) 100vw, 1024px\" \/>\n                            <\/div>\n                    <\/div><div class=\"eael-entry-wrapper\"><header class=\"eael-entry-header\"><h2 class=\"eael-entry-title\"><a class=\"eael-grid-post-link\" href=\"https:\/\/archiden.net\/tr\/services\/real-estate-marketing-and-sales-solutions\/\" title=\"Real Estate &#038; Sales\">Gayrimenkul ve Sat\u0131\u015f<\/a><\/h2><\/header><div class=\"eael-entry-content\">\n                                <div class=\"eael-grid-post-excerpt\"><p>Gayrimenkul Pazarlama ve Sat\u0131\u015f \u00c7\u00f6z\u00fcmleri<\/p><\/div>\n                            <\/div><\/div><\/div>\n    <\/div>\n<\/article><article class=\"eael-grid-post eael-post-grid-column\" data-id=\"786\">\n    <div class=\"eael-grid-post-holder\">\n        <div class=\"eael-grid-post-holder-inner\"><div class=\"eael-entry-media\"><div class=\"eael-entry-overlay zoom-in\"><i class=\"\" aria-hidden=\"true\"><\/i><a href=\"https:\/\/archiden.net\/tr\/services\/project-management-engineering-supervision\/\"><\/a><\/div><div class=\"eael-entry-thumbnail eael-image-ratio\">\n                            <img loading=\"lazy\" decoding=\"async\" width=\"710\" height=\"1024\" src=\"https:\/\/archiden.net\/wp-content\/uploads\/2025\/10\/DR_6067-copy-710x1024.jpg\" class=\"attachment-large size-large wp-image-784\" alt=\"\" srcset=\"https:\/\/archiden.net\/wp-content\/uploads\/2025\/10\/DR_6067-copy-710x1024.jpg 710w, https:\/\/archiden.net\/wp-content\/uploads\/2025\/10\/DR_6067-copy-208x300.jpg 208w, https:\/\/archiden.net\/wp-content\/uploads\/2025\/10\/DR_6067-copy-768x1107.jpg 768w, https:\/\/archiden.net\/wp-content\/uploads\/2025\/10\/DR_6067-copy-1066x1536.jpg 1066w, https:\/\/archiden.net\/wp-content\/uploads\/2025\/10\/DR_6067-copy.jpg 1332w\" sizes=\"(max-width: 710px) 100vw, 710px\" \/>\n                            <\/div>\n                    <\/div><div class=\"eael-entry-wrapper\"><header class=\"eael-entry-header\"><h2 class=\"eael-entry-title\"><a class=\"eael-grid-post-link\" href=\"https:\/\/archiden.net\/tr\/services\/project-management-engineering-supervision\/\" title=\"Proje y\u00f6netimi ve m\u00fchendislik denetimi.\">Proje Y\u00f6netimi ve M\u00fchendislik Denetimi<\/a><\/h2><\/header><div class=\"eael-entry-content\">\n                                <div class=\"eael-grid-post-excerpt\"><p>Proje y\u00f6netimi ve m\u00fchendislik denetimi.<\/p><\/div>\n                            <\/div><\/div><\/div>\n    <\/div>\n<\/article><article class=\"eael-grid-post eael-post-grid-column\" data-id=\"785\">\n    <div class=\"eael-grid-post-holder\">\n        <div class=\"eael-grid-post-holder-inner\"><div class=\"eael-entry-media\"><div class=\"eael-entry-overlay zoom-in\"><i class=\"\" aria-hidden=\"true\"><\/i><a href=\"https:\/\/archiden.net\/tr\/services\/real-estate-investment-consulting\/\"><\/a><\/div><div class=\"eael-entry-thumbnail eael-image-ratio\">\n                            <img loading=\"lazy\" decoding=\"async\" width=\"784\" height=\"1024\" src=\"https:\/\/archiden.net\/wp-content\/uploads\/2025\/10\/DR_6125-copy-784x1024.jpg\" class=\"attachment-large size-large wp-image-780\" alt=\"\" srcset=\"https:\/\/archiden.net\/wp-content\/uploads\/2025\/10\/DR_6125-copy-784x1024.jpg 784w, https:\/\/archiden.net\/wp-content\/uploads\/2025\/10\/DR_6125-copy-230x300.jpg 230w, https:\/\/archiden.net\/wp-content\/uploads\/2025\/10\/DR_6125-copy-768x1003.jpg 768w, https:\/\/archiden.net\/wp-content\/uploads\/2025\/10\/DR_6125-copy-1176x1536.jpg 1176w, https:\/\/archiden.net\/wp-content\/uploads\/2025\/10\/DR_6125-copy.jpg 1470w\" sizes=\"(max-width: 784px) 100vw, 784px\" \/>\n                            <\/div>\n                    <\/div><div class=\"eael-entry-wrapper\"><header class=\"eael-entry-header\"><h2 class=\"eael-entry-title\"><a class=\"eael-grid-post-link\" href=\"https:\/\/archiden.net\/tr\/services\/real-estate-investment-consulting\/\" title=\"Gayrimenkul ve yat\u0131r\u0131m dan\u0131\u015fmanl\u0131\u011f\u0131\">Gayrimenkul ve yat\u0131r\u0131m dan\u0131\u015fmanl\u0131\u011f\u0131<\/a><\/h2><\/header><div class=\"eael-entry-content\">\n                                <div class=\"eael-grid-post-excerpt\"><p>Gayrimenkul ve yat\u0131r\u0131m dan\u0131\u015fmanl\u0131\u011f\u0131<\/p><\/div>\n                            <\/div><\/div><\/div>\n    <\/div>\n<\/article><article class=\"eael-grid-post eael-post-grid-column\" data-id=\"777\">\n    <div class=\"eael-grid-post-holder\">\n        <div class=\"eael-grid-post-holder-inner\"><div class=\"eael-entry-media\"><div class=\"eael-entry-overlay zoom-in\"><i class=\"\" aria-hidden=\"true\"><\/i><a href=\"https:\/\/archiden.net\/tr\/services\/777\/\"><\/a><\/div><div class=\"eael-entry-thumbnail eael-image-ratio\">\n                            <img loading=\"lazy\" decoding=\"async\" width=\"683\" height=\"1024\" src=\"https:\/\/archiden.net\/wp-content\/uploads\/2025\/10\/DR_6126-copy-683x1024.jpg\" class=\"attachment-large size-large wp-image-779\" alt=\"\" srcset=\"https:\/\/archiden.net\/wp-content\/uploads\/2025\/10\/DR_6126-copy-683x1024.jpg 683w, https:\/\/archiden.net\/wp-content\/uploads\/2025\/10\/DR_6126-copy-200x300.jpg 200w, https:\/\/archiden.net\/wp-content\/uploads\/2025\/10\/DR_6126-copy-768x1151.jpg 768w, https:\/\/archiden.net\/wp-content\/uploads\/2025\/10\/DR_6126-copy-1025x1536.jpg 1025w, https:\/\/archiden.net\/wp-content\/uploads\/2025\/10\/DR_6126-copy.jpg 1281w\" sizes=\"(max-width: 683px) 100vw, 683px\" \/>\n                            <\/div>\n                    <\/div><div class=\"eael-entry-wrapper\"><header class=\"eael-entry-header\"><h2 class=\"eael-entry-title\"><a class=\"eael-grid-post-link\" href=\"https:\/\/archiden.net\/tr\/services\/777\/\" title=\"Developing residential &#038; commercial projects\">Konut ve ticari projeler geli\u015ftirme<\/a><\/h2><\/header><div class=\"eael-entry-content\">\n                                <div class=\"eael-grid-post-excerpt\"><p>Konut ve ticari projeler geli\u015ftirme<\/p><\/div>\n                            <\/div><\/div><\/div>\n    <\/div>\n<\/article><\/div>\n            <div class=\"clearfix\"><\/div>\n        <\/div>\t\t\t\t<\/div>\n\t\t\t\t<\/div>\n\t\t<div data-particle_enable=\"false\" data-particle-mobile-disabled=\"false\" class=\"elementor-element elementor-element-0ca0ff6 e-flex e-con-boxed e-con e-parent\" data-id=\"0ca0ff6\" data-element_type=\"container\">\n\t\t\t\t\t<div class=\"e-con-inner\">\n\t\t<div data-particle_enable=\"false\" data-particle-mobile-disabled=\"false\" class=\"elementor-element elementor-element-6338e1f e-con-full e-flex e-con e-child\" data-id=\"6338e1f\" data-element_type=\"container\">\n\t\t<div data-particle_enable=\"false\" data-particle-mobile-disabled=\"false\" class=\"elementor-element elementor-element-de993b6 e-con-full e-flex e-con e-child\" data-id=\"de993b6\" data-element_type=\"container\" data-settings=\"{&quot;background_background&quot;:&quot;classic&quot;}\">\n\t\t\t\t<div class=\"elementor-element elementor-element-09d82b6 elementor-widget__width-initial elementor-widget elementor-widget-image\" data-id=\"09d82b6\" data-element_type=\"widget\" data-widget_type=\"image.default\">\n\t\t\t\t\t\t\t\t\t\t\t\t\t\t\t<img decoding=\"async\" src=\"https:\/\/archiden.net\/wp-content\/uploads\/elementor\/thumbs\/0c4413d47c37302d5b0ffe65295cf1d08dac5b7d-ri7p751f09bs3idmsqhwtnp5kx9ho9pkh9vot4lx3s.png\" title=\"0c4413d47c37302d5b0ffe65295cf1d08dac5b7d\" alt=\"0c4413d47c37302d5b0ffe65295cf1d08dac5b7d\" loading=\"lazy\" \/>\t\t\t\t\t\t\t\t\t\t\t\t\t\t\t<\/div>\n\t\t<div data-particle_enable=\"false\" data-particle-mobile-disabled=\"false\" class=\"elementor-element elementor-element-2eeb29f e-con-full e-flex e-con e-child\" data-id=\"2eeb29f\" data-element_type=\"container\">\n\t\t\t\t<div class=\"elementor-element elementor-element-af1b8b1 elementor-widget elementor-widget-heading\" data-id=\"af1b8b1\" data-element_type=\"widget\" data-widget_type=\"heading.default\">\n\t\t\t\t\t<h2 class=\"elementor-heading-title elementor-size-default\">Adres Bilgileri<\/h2>\t\t\t\t<\/div>\n\t\t\t\t<div class=\"elementor-element elementor-element-1fb4d73 elementor-widget__width-initial elementor-widget elementor-widget-text-editor\" data-id=\"1fb4d73\" data-element_type=\"widget\" data-widget_type=\"text-editor.default\">\n\t\t\t\t\t\t\t\t\t<p>Kyiv | G. Stalingrada Avenue, 6<br \/>Vilnius | Antakalnio St. 17<\/p>\t\t\t\t\t\t\t\t<\/div>\n\t\t\t\t<\/div>\n\t\t\t\t<div class=\"elementor-element elementor-element-e1096ea elementor-widget__width-initial elementor-widget elementor-widget-image\" data-id=\"e1096ea\" data-element_type=\"widget\" data-widget_type=\"image.default\">\n\t\t\t\t\t\t\t\t\t\t\t\t\t\t\t<img decoding=\"async\" src=\"https:\/\/archiden.net\/wp-content\/uploads\/elementor\/thumbs\/f2f64bd7c595041c37c9117ba7405d5b6d2237e3-ri7p751f09bq1un7d4mnyy45jjf2joig7xbwltyf78.png\" title=\"f2f64bd7c595041c37c9117ba7405d5b6d2237e3\" alt=\"f2f64bd7c595041c37c9117ba7405d5b6d2237e3\" loading=\"lazy\" \/>\t\t\t\t\t\t\t\t\t\t\t\t\t\t\t<\/div>\n\t\t<div data-particle_enable=\"false\" data-particle-mobile-disabled=\"false\" class=\"elementor-element elementor-element-ad688aa e-con-full e-flex e-con e-child\" data-id=\"ad688aa\" data-element_type=\"container\">\n\t\t\t\t<div class=\"elementor-element elementor-element-4283321 elementor-widget elementor-widget-heading\" data-id=\"4283321\" data-element_type=\"widget\" data-widget_type=\"heading.default\">\n\t\t\t\t\t<h2 class=\"elementor-heading-title elementor-size-default\">\u00c7al\u0131\u015fma saatleri<\/h2>\t\t\t\t<\/div>\n\t\t\t\t<div class=\"elementor-element elementor-element-aa8b028 elementor-widget__width-initial elementor-widget elementor-widget-text-editor\" data-id=\"aa8b028\" data-element_type=\"widget\" data-widget_type=\"text-editor.default\">\n\t\t\t\t\t\t\t\t\t<p>Monday to Friday 09:00 to 18:30 &#8211; Saturday we work until 15:30<\/p>\t\t\t\t\t\t\t\t<\/div>\n\t\t\t\t<\/div>\n\t\t\t\t<div class=\"elementor-element elementor-element-4742775 elementor-widget__width-initial elementor-widget elementor-widget-image\" data-id=\"4742775\" data-element_type=\"widget\" data-widget_type=\"image.default\">\n\t\t\t\t\t\t\t\t\t\t\t\t\t\t\t<img decoding=\"async\" src=\"https:\/\/archiden.net\/wp-content\/uploads\/elementor\/thumbs\/796bde9008c6a8f60686ff67acf939ef5a2755d0-ri7p751f09bs3idmsqhwtnp5kx9ho9pkh9vot4lx3s.png\" title=\"796bde9008c6a8f60686ff67acf939ef5a2755d0\" alt=\"796bde9008c6a8f60686ff67acf939ef5a2755d0\" loading=\"lazy\" \/>\t\t\t\t\t\t\t\t\t\t\t\t\t\t\t<\/div>\n\t\t<div data-particle_enable=\"false\" data-particle-mobile-disabled=\"false\" class=\"elementor-element elementor-element-3140bbb e-con-full e-flex e-con e-child\" data-id=\"3140bbb\" data-element_type=\"container\">\n\t\t\t\t<div class=\"elementor-element elementor-element-d2df914 elementor-widget elementor-widget-heading\" data-id=\"d2df914\" data-element_type=\"widget\" data-widget_type=\"heading.default\">\n\t\t\t\t\t<h2 class=\"elementor-heading-title elementor-size-default\">Sat\u0131\u015f Ofisi<\/h2>\t\t\t\t<\/div>\n\t\t\t\t<div class=\"elementor-element elementor-element-192675f elementor-widget__width-initial elementor-widget elementor-widget-text-editor\" data-id=\"192675f\" data-element_type=\"widget\" data-widget_type=\"text-editor.default\">\n\t\t\t\t\t\t\t\t\t<p>Boryssa Himry 124 B Block Pozniaky<br \/>Kiev Oblast \u2013 Ukraine<\/p>\t\t\t\t\t\t\t\t<\/div>\n\t\t\t\t<\/div>\n\t\t\t\t<\/div>\n\t\t\t\t<\/div>\n\t\t\t\t\t<\/div>\n\t\t\t\t<\/div>\n\t\t\t\t<\/div>","protected":false},"excerpt":{"rendered":"<p>Our Services ArchiDen is a leading construction and real estate development company Building solutions Sustainable building solutions and modern technologies Government &#038; Partnerships Government tenders and partnerships with the public sector Real Estate &#038; Sales Real Estate Marketing and Sales Solutions Project management &#038; engineering supervision. Project management &#038; engineering supervision. Real estate &#038; investment [&hellip;]<\/p>","protected":false},"author":5,"featured_media":0,"parent":0,"menu_order":0,"comment_status":"closed","ping_status":"closed","template":"","meta":{"_acf_changed":false,"footnotes":""},"class_list":["post-25","page","type-page","status-publish","hentry"],"blocksy_meta":{"has_hero_section":"disabled","styles_descriptor":{"styles":{"desktop":"","tablet":"","mobile":""},"google_fonts":[],"version":6}},"acf":[],"_hostinger_reach_plugin_has_subscription_block":false,"_hostinger_reach_plugin_is_elementor":false,"_links":{"self":[{"href":"https:\/\/archiden.net\/tr\/wp-json\/wp\/v2\/pages\/25","targetHints":{"allow":["GET"]}}],"collection":[{"href":"https:\/\/archiden.net\/tr\/wp-json\/wp\/v2\/pages"}],"about":[{"href":"https:\/\/archiden.net\/tr\/wp-json\/wp\/v2\/types\/page"}],"author":[{"embeddable":true,"href":"https:\/\/archiden.net\/tr\/wp-json\/wp\/v2\/users\/5"}],"replies":[{"embeddable":true,"href":"https:\/\/archiden.net\/tr\/wp-json\/wp\/v2\/comments?post=25"}],"version-history":[{"count":212,"href":"https:\/\/archiden.net\/tr\/wp-json\/wp\/v2\/pages\/25\/revisions"}],"predecessor-version":[{"id":3301,"href":"https:\/\/archiden.net\/tr\/wp-json\/wp\/v2\/pages\/25\/revisions\/3301"}],"wp:attachment":[{"href":"https:\/\/archiden.net\/tr\/wp-json\/wp\/v2\/media?parent=25"}],"curies":[{"name":"wp","href":"https:\/\/api.w.org\/{rel}","templated":true}]}}