{"id":27,"date":"2025-09-30T10:34:08","date_gmt":"2025-09-30T10:34:08","guid":{"rendered":"https:\/\/archiden.net\/?page_id=27"},"modified":"2025-11-08T22:02:14","modified_gmt":"2025-11-08T22:02:14","slug":"our-projects","status":"publish","type":"page","link":"https:\/\/archiden.net\/tr\/our-projects\/","title":{"rendered":"Projelerimiz"},"content":{"rendered":"<div data-elementor-type=\"wp-page\" data-elementor-id=\"27\" class=\"elementor elementor-27\">\n\t\t\t\t<div data-particle_enable=\"false\" data-particle-mobile-disabled=\"false\" class=\"elementor-element elementor-element-5034a4a e-flex e-con-boxed e-con e-parent\" data-id=\"5034a4a\" data-element_type=\"container\" data-settings=\"{&quot;background_background&quot;:&quot;classic&quot;}\">\n\t\t\t\t\t<div class=\"e-con-inner\">\n\t\t<div data-particle_enable=\"false\" data-particle-mobile-disabled=\"false\" class=\"elementor-element elementor-element-e65fc01 e-con-full e-flex e-con e-child\" data-id=\"e65fc01\" data-element_type=\"container\">\n\t\t\t\t<div class=\"elementor-element elementor-element-4da879f elementor-widget elementor-widget-heading\" data-id=\"4da879f\" data-element_type=\"widget\" data-widget_type=\"heading.default\">\n\t\t\t\t\t<h1 class=\"elementor-heading-title elementor-size-default\">Projeler<\/h1>\t\t\t\t<\/div>\n\t\t\t\t<div class=\"elementor-element elementor-element-f1a8acb elementor-widget__width-initial elementor-widget elementor-widget-heading\" data-id=\"f1a8acb\" data-element_type=\"widget\" data-widget_type=\"heading.default\">\n\t\t\t\t\t<h3 class=\"elementor-heading-title elementor-size-default\">\u0130n\u015faat ve Gayrimenkul Geli\u015ftirme Alan\u0131ndaki Miras\u0131m\u0131z\u0131 Tan\u0131mlayan \u00d6nemli Projeleri Ke\u015ffedin<\/h3>\t\t\t\t<\/div>\n\t\t\t\t<\/div>\n\t\t\t\t\t<\/div>\n\t\t\t\t<\/div>\n\t\t<div data-particle_enable=\"false\" data-particle-mobile-disabled=\"false\" class=\"elementor-element elementor-element-8b9f359 e-flex e-con-boxed e-con e-parent\" data-id=\"8b9f359\" data-element_type=\"container\">\n\t\t\t\t\t<div class=\"e-con-inner\">\n\t\t<div data-particle_enable=\"false\" data-particle-mobile-disabled=\"false\" class=\"elementor-element elementor-element-3426b3c e-con-full e-flex e-con e-child\" data-id=\"3426b3c\" data-element_type=\"container\">\n\t\t<div data-particle_enable=\"false\" data-particle-mobile-disabled=\"false\" class=\"elementor-element elementor-element-f28af46 e-con-full e-flex e-con e-child\" data-id=\"f28af46\" data-element_type=\"container\" data-settings=\"{&quot;background_background&quot;:&quot;classic&quot;}\">\n\t\t<div data-particle_enable=\"false\" data-particle-mobile-disabled=\"false\" class=\"elementor-element elementor-element-f59f1c6 e-con-full e-flex e-con e-child\" data-id=\"f59f1c6\" data-element_type=\"container\">\n\t\t\t\t<div class=\"elementor-element elementor-element-faccb7f elementor-widget elementor-widget-shortcode\" data-id=\"faccb7f\" data-element_type=\"widget\" data-widget_type=\"shortcode.default\">\n\t\t\t\t\t\t\t<div class=\"elementor-shortcode\"><nav aria-label=\"breadcrumbs\" class=\"rank-math-breadcrumb\"><p><span class=\"last\">Ana Sayfa<\/span><\/p><\/nav><\/div>\n\t\t\t\t\t\t<\/div>\n\t\t\t\t<\/div>\n\t\t\t\t<\/div>\n\t\t\t\t<\/div>\n\t\t\t\t\t<\/div>\n\t\t\t\t<\/div>\n\t\t<div data-particle_enable=\"false\" data-particle-mobile-disabled=\"false\" class=\"elementor-element elementor-element-65f0d58 e-con-full e-flex e-con e-parent\" data-id=\"65f0d58\" data-element_type=\"container\">\n\t\t\t\t<div class=\"elementor-element elementor-element-8162896 elementor-grid-eael-col-3 elementor-grid-tablet-eael-col-2 elementor-grid-mobile-eael-col-1 elementor-widget elementor-widget-eael-post-grid\" data-id=\"8162896\" data-element_type=\"widget\" data-settings=\"{&quot;eael_post_grid_columns&quot;:&quot;eael-col-3&quot;,&quot;eael_post_grid_columns_tablet&quot;:&quot;eael-col-2&quot;,&quot;eael_post_grid_columns_mobile&quot;:&quot;eael-col-1&quot;}\" data-widget_type=\"eael-post-grid.default\">\n\t\t\t\t\t<div id=\"eael-post-grid-8162896\" class=\"eael-post-grid-container\">\n            <div class=\"eael-post-grid eael-post-appender eael-post-appender-8162896 eael-post-grid-style-two\" data-layout-mode=\"grid\"><article class=\"eael-grid-post eael-post-grid-column\" data-id=\"2847\">\n    <div class=\"eael-grid-post-holder\">\n        <div class=\"eael-grid-post-holder-inner\"><div class=\"eael-entry-media\"><div class=\"eael-entry-overlay zoom-in\"><i class=\"\" aria-hidden=\"true\"><\/i><a href=\"https:\/\/archiden.net\/tr\/projects\/project-number-5\/\"><\/a><\/div><div class=\"eael-entry-thumbnail\">\n                            <img fetchpriority=\"high\" decoding=\"async\" width=\"300\" height=\"182\" src=\"https:\/\/archiden.net\/wp-content\/uploads\/2025\/09\/0f3e15f4c35ee7ac0c05850df3c36b41c5b059f1-300x182.jpg\" class=\"attachment-medium size-medium wp-image-60\" alt=\"\" srcset=\"https:\/\/archiden.net\/wp-content\/uploads\/2025\/09\/0f3e15f4c35ee7ac0c05850df3c36b41c5b059f1-300x182.jpg 300w, https:\/\/archiden.net\/wp-content\/uploads\/2025\/09\/0f3e15f4c35ee7ac0c05850df3c36b41c5b059f1-1024x622.jpg 1024w, https:\/\/archiden.net\/wp-content\/uploads\/2025\/09\/0f3e15f4c35ee7ac0c05850df3c36b41c5b059f1-768x467.jpg 768w, https:\/\/archiden.net\/wp-content\/uploads\/2025\/09\/0f3e15f4c35ee7ac0c05850df3c36b41c5b059f1-1536x934.jpg 1536w, https:\/\/archiden.net\/wp-content\/uploads\/2025\/09\/0f3e15f4c35ee7ac0c05850df3c36b41c5b059f1.jpg 1920w\" sizes=\"(max-width: 300px) 100vw, 300px\" \/>\n                            <\/div>\n                    <\/div><div class=\"eael-entry-wrapper\"><header class=\"eael-entry-header\"><h3 class=\"eael-entry-title\"><a class=\"eael-grid-post-link\" href=\"https:\/\/archiden.net\/tr\/projects\/project-number-5\/\" title=\"The Pearl Ticari Kule\">The Pearl Ticari Kule<\/a><\/h3><\/header><div class=\"eael-entry-content\">\n                                <div class=\"eael-grid-post-excerpt\"><p>Sofistike ve kentsel prestiji \u00e7a\u011fr\u0131\u015ft\u0131ran, l\u00fcks bir ofis veya karma kullan\u0131ml\u0131 bina i\u00e7in \u015f\u0131k ve prestijli bir isim.<\/p><\/div>\n                            <\/div><\/div><\/div>\n    <\/div>\n<\/article><article class=\"eael-grid-post eael-post-grid-column\" data-id=\"2819\">\n    <div class=\"eael-grid-post-holder\">\n        <div class=\"eael-grid-post-holder-inner\"><div class=\"eael-entry-media\"><div class=\"eael-entry-overlay zoom-in\"><i class=\"\" aria-hidden=\"true\"><\/i><a href=\"https:\/\/archiden.net\/tr\/projects\/luxury-house\/\"><\/a><\/div><div class=\"eael-entry-thumbnail\">\n                            <img decoding=\"async\" width=\"300\" height=\"169\" src=\"https:\/\/archiden.net\/wp-content\/uploads\/2025\/10\/ea8308aba45a9c82da4bd379677fd290558897cf-300x169.jpg\" class=\"attachment-medium size-medium wp-image-499\" alt=\"\" srcset=\"https:\/\/archiden.net\/wp-content\/uploads\/2025\/10\/ea8308aba45a9c82da4bd379677fd290558897cf-300x169.jpg 300w, https:\/\/archiden.net\/wp-content\/uploads\/2025\/10\/ea8308aba45a9c82da4bd379677fd290558897cf-1024x576.jpg 1024w, https:\/\/archiden.net\/wp-content\/uploads\/2025\/10\/ea8308aba45a9c82da4bd379677fd290558897cf-768x432.jpg 768w, https:\/\/archiden.net\/wp-content\/uploads\/2025\/10\/ea8308aba45a9c82da4bd379677fd290558897cf-1536x864.jpg 1536w, https:\/\/archiden.net\/wp-content\/uploads\/2025\/10\/ea8308aba45a9c82da4bd379677fd290558897cf.jpg 1920w\" sizes=\"(max-width: 300px) 100vw, 300px\" \/>\n                            <\/div>\n                    <\/div><div class=\"eael-entry-wrapper\"><header class=\"eael-entry-header\"><h3 class=\"eael-entry-title\"><a class=\"eael-grid-post-link\" href=\"https:\/\/archiden.net\/tr\/projects\/luxury-house\/\" title=\"Horizon Konutlar\u0131\">Horizon Konutlar\u0131<\/a><\/h3><\/header><div class=\"eael-entry-content\">\n                                <div class=\"eael-grid-post-excerpt\"><p>modern, l\u00fcks konut projesi, a\u00e7\u0131k manzaral\u0131 ve \u00e7a\u011fda\u015f tasar\u0131ml\u0131 bir projeyi \u00e7a\u011fr\u0131\u015ft\u0131ran zarif bir isim.<\/p><\/div>\n                            <\/div><\/div><\/div>\n    <\/div>\n<\/article><article class=\"eael-grid-post eael-post-grid-column\" data-id=\"1510\">\n    <div class=\"eael-grid-post-holder\">\n        <div class=\"eael-grid-post-holder-inner\"><div class=\"eael-entry-media\"><div class=\"eael-entry-overlay zoom-in\"><i class=\"\" aria-hidden=\"true\"><\/i><a href=\"https:\/\/archiden.net\/tr\/projects\/commercial-business-center-2\/\"><\/a><\/div><div class=\"eael-entry-thumbnail\">\n                            <img decoding=\"async\" width=\"300\" height=\"197\" src=\"https:\/\/archiden.net\/wp-content\/uploads\/2025\/09\/df2496cb94482b5e0bd6ed9c23aa7aa33c6af349-300x197.jpg\" class=\"attachment-medium size-medium wp-image-183\" alt=\"\" srcset=\"https:\/\/archiden.net\/wp-content\/uploads\/2025\/09\/df2496cb94482b5e0bd6ed9c23aa7aa33c6af349-300x197.jpg 300w, https:\/\/archiden.net\/wp-content\/uploads\/2025\/09\/df2496cb94482b5e0bd6ed9c23aa7aa33c6af349-1024x671.jpg 1024w, https:\/\/archiden.net\/wp-content\/uploads\/2025\/09\/df2496cb94482b5e0bd6ed9c23aa7aa33c6af349-768x503.jpg 768w, https:\/\/archiden.net\/wp-content\/uploads\/2025\/09\/df2496cb94482b5e0bd6ed9c23aa7aa33c6af349-1536x1006.jpg 1536w, https:\/\/archiden.net\/wp-content\/uploads\/2025\/09\/df2496cb94482b5e0bd6ed9c23aa7aa33c6af349.jpg 1920w\" sizes=\"(max-width: 300px) 100vw, 300px\" \/>\n                            <\/div>\n                    <\/div><div class=\"eael-entry-wrapper\"><header class=\"eael-entry-header\"><h3 class=\"eael-entry-title\"><a class=\"eael-grid-post-link\" href=\"https:\/\/archiden.net\/tr\/projects\/commercial-business-center-2\/\" title=\"Ticari \u0130\u015f Merkezi\">Ticari \u0130\u015f Merkezi<\/a><\/h3><\/header><div class=\"eael-entry-content\">\n                                <div class=\"eael-grid-post-excerpt\"><p>Birinci s\u0131n\u0131f bir b\u00f6lgede yer alan bu proje, \u00e7ok y\u00f6nl\u00fc alanlar, modern tesisler ve temel hizmetler sunmaktad\u0131r. projenin geli\u015ftirme ve uygulama kalitesini yans\u0131tmaktad\u0131r.<\/p><\/div>\n                            <\/div><\/div><\/div>\n    <\/div>\n<\/article><article class=\"eael-grid-post eael-post-grid-column\" data-id=\"1509\">\n    <div class=\"eael-grid-post-holder\">\n        <div class=\"eael-grid-post-holder-inner\"><div class=\"eael-entry-media\"><div class=\"eael-entry-overlay zoom-in\"><i class=\"\" aria-hidden=\"true\"><\/i><a href=\"https:\/\/archiden.net\/tr\/projects\/industrial-development-hub-2\/\"><\/a><\/div><div class=\"eael-entry-thumbnail\">\n                            <img decoding=\"async\" width=\"300\" height=\"169\" src=\"https:\/\/archiden.net\/wp-content\/uploads\/2025\/10\/ea8308aba45a9c82da4bd379677fd290558897cf-300x169.jpg\" class=\"attachment-medium size-medium wp-image-499\" alt=\"\" srcset=\"https:\/\/archiden.net\/wp-content\/uploads\/2025\/10\/ea8308aba45a9c82da4bd379677fd290558897cf-300x169.jpg 300w, https:\/\/archiden.net\/wp-content\/uploads\/2025\/10\/ea8308aba45a9c82da4bd379677fd290558897cf-1024x576.jpg 1024w, https:\/\/archiden.net\/wp-content\/uploads\/2025\/10\/ea8308aba45a9c82da4bd379677fd290558897cf-768x432.jpg 768w, https:\/\/archiden.net\/wp-content\/uploads\/2025\/10\/ea8308aba45a9c82da4bd379677fd290558897cf-1536x864.jpg 1536w, https:\/\/archiden.net\/wp-content\/uploads\/2025\/10\/ea8308aba45a9c82da4bd379677fd290558897cf.jpg 1920w\" sizes=\"(max-width: 300px) 100vw, 300px\" \/>\n                            <\/div>\n                    <\/div><div class=\"eael-entry-wrapper\"><header class=\"eael-entry-header\"><h3 class=\"eael-entry-title\"><a class=\"eael-grid-post-link\" href=\"https:\/\/archiden.net\/tr\/projects\/industrial-development-hub-2\/\" title=\"Sanayi Geli\u015ftirme Merkezi\">Sanayi Geli\u015ftirme Merkezi<\/a><\/h3><\/header><div class=\"eael-entry-content\">\n                                <div class=\"eael-grid-post-excerpt\"><p>Birinci s\u0131n\u0131f bir b\u00f6lgede yer alan bu proje, \u00e7ok y\u00f6nl\u00fc alanlar, modern tesisler ve temel hizmetler sunmaktad\u0131r. projenin geli\u015ftirme ve uygulama kalitesini yans\u0131tmaktad\u0131r.<\/p><\/div>\n                            <\/div><\/div><\/div>\n    <\/div>\n<\/article><article class=\"eael-grid-post eael-post-grid-column\" data-id=\"933\">\n    <div class=\"eael-grid-post-holder\">\n        <div class=\"eael-grid-post-holder-inner\"><div class=\"eael-entry-media\"><div class=\"eael-entry-overlay zoom-in\"><i class=\"\" aria-hidden=\"true\"><\/i><a href=\"https:\/\/archiden.net\/tr\/projects\/commercial-business-center-copy\/\"><\/a><\/div><div class=\"eael-entry-thumbnail\">\n                            <img loading=\"lazy\" decoding=\"async\" width=\"300\" height=\"184\" src=\"https:\/\/archiden.net\/wp-content\/uploads\/2025\/10\/fb4931f27d4277139c1e6aa554a434e943505b8c-3-300x184.jpg\" class=\"attachment-medium size-medium wp-image-372\" alt=\"\" srcset=\"https:\/\/archiden.net\/wp-content\/uploads\/2025\/10\/fb4931f27d4277139c1e6aa554a434e943505b8c-3-300x184.jpg 300w, https:\/\/archiden.net\/wp-content\/uploads\/2025\/10\/fb4931f27d4277139c1e6aa554a434e943505b8c-3-1024x629.jpg 1024w, https:\/\/archiden.net\/wp-content\/uploads\/2025\/10\/fb4931f27d4277139c1e6aa554a434e943505b8c-3-768x472.jpg 768w, https:\/\/archiden.net\/wp-content\/uploads\/2025\/10\/fb4931f27d4277139c1e6aa554a434e943505b8c-3-1536x944.jpg 1536w, https:\/\/archiden.net\/wp-content\/uploads\/2025\/10\/fb4931f27d4277139c1e6aa554a434e943505b8c-3.jpg 1920w\" sizes=\"(max-width: 300px) 100vw, 300px\" \/>\n                            <\/div>\n                    <\/div><div class=\"eael-entry-wrapper\"><header class=\"eael-entry-header\"><h3 class=\"eael-entry-title\"><a class=\"eael-grid-post-link\" href=\"https:\/\/archiden.net\/tr\/projects\/commercial-business-center-copy\/\" title=\"Ticari \u0130\u015f Merkezi\">Ticari \u0130\u015f Merkezi<\/a><\/h3><\/header><div class=\"eael-entry-content\">\n                                <div class=\"eael-grid-post-excerpt\"><p>Perakende, ofis ve e\u011flence alanlar\u0131n\u0131 tek bir noktada bir araya getirmek i\u00e7in tasarlanm\u0131\u015f, d\u00f6n\u00fcm noktas\u0131 niteli\u011finde bir ticaret merkezi. (Yak\u0131nda)<\/p><\/div>\n                            <\/div><\/div><\/div>\n    <\/div>\n<\/article><\/div>\n            <div class=\"clearfix\"><\/div>\n        <\/div>\t\t\t\t<\/div>\n\t\t\t\t<\/div>\n\t\t<div data-particle_enable=\"false\" data-particle-mobile-disabled=\"false\" class=\"elementor-element elementor-element-730e562 e-flex e-con-boxed e-con e-parent\" data-id=\"730e562\" data-element_type=\"container\">\n\t\t\t\t\t<div class=\"e-con-inner\">\n\t\t<div data-particle_enable=\"false\" data-particle-mobile-disabled=\"false\" class=\"elementor-element elementor-element-cf2407e e-con-full e-flex e-con e-child\" data-id=\"cf2407e\" data-element_type=\"container\">\n\t\t<div data-particle_enable=\"false\" data-particle-mobile-disabled=\"false\" class=\"elementor-element elementor-element-b3ee8c1 e-con-full e-flex e-con e-child\" data-id=\"b3ee8c1\" data-element_type=\"container\" data-settings=\"{&quot;background_background&quot;:&quot;classic&quot;}\">\n\t\t\t\t<div class=\"elementor-element elementor-element-9e3b29c elementor-widget__width-initial elementor-widget elementor-widget-image\" data-id=\"9e3b29c\" data-element_type=\"widget\" data-widget_type=\"image.default\">\n\t\t\t\t\t\t\t\t\t\t\t\t\t\t\t<img decoding=\"async\" src=\"https:\/\/archiden.net\/wp-content\/uploads\/elementor\/thumbs\/0c4413d47c37302d5b0ffe65295cf1d08dac5b7d-ri7p751f09bs3idmsqhwtnp5kx9ho9pkh9vot4lx3s.png\" title=\"0c4413d47c37302d5b0ffe65295cf1d08dac5b7d\" alt=\"0c4413d47c37302d5b0ffe65295cf1d08dac5b7d\" loading=\"lazy\" \/>\t\t\t\t\t\t\t\t\t\t\t\t\t\t\t<\/div>\n\t\t<div data-particle_enable=\"false\" data-particle-mobile-disabled=\"false\" class=\"elementor-element elementor-element-1ce5cc6 e-con-full e-flex e-con e-child\" data-id=\"1ce5cc6\" data-element_type=\"container\">\n\t\t\t\t<div class=\"elementor-element elementor-element-5a1d0db elementor-widget elementor-widget-heading\" data-id=\"5a1d0db\" data-element_type=\"widget\" data-widget_type=\"heading.default\">\n\t\t\t\t\t<h2 class=\"elementor-heading-title elementor-size-default\">Adres Bilgileri<\/h2>\t\t\t\t<\/div>\n\t\t\t\t<div class=\"elementor-element elementor-element-e6c73b4 elementor-widget__width-initial elementor-widget elementor-widget-text-editor\" data-id=\"e6c73b4\" data-element_type=\"widget\" data-widget_type=\"text-editor.default\">\n\t\t\t\t\t\t\t\t\t<p>Kyiv | G. Stalingrada Avenue, 6<br \/>Vilnius | Antakalnio St. 17<\/p>\t\t\t\t\t\t\t\t<\/div>\n\t\t\t\t<\/div>\n\t\t\t\t<div class=\"elementor-element elementor-element-b64c561 elementor-widget__width-initial elementor-widget elementor-widget-image\" data-id=\"b64c561\" data-element_type=\"widget\" data-widget_type=\"image.default\">\n\t\t\t\t\t\t\t\t\t\t\t\t\t\t\t<img decoding=\"async\" src=\"https:\/\/archiden.net\/wp-content\/uploads\/elementor\/thumbs\/f2f64bd7c595041c37c9117ba7405d5b6d2237e3-ri7p751f09bq1un7d4mnyy45jjf2joig7xbwltyf78.png\" title=\"f2f64bd7c595041c37c9117ba7405d5b6d2237e3\" alt=\"f2f64bd7c595041c37c9117ba7405d5b6d2237e3\" loading=\"lazy\" \/>\t\t\t\t\t\t\t\t\t\t\t\t\t\t\t<\/div>\n\t\t<div data-particle_enable=\"false\" data-particle-mobile-disabled=\"false\" class=\"elementor-element elementor-element-a7bfa7e e-con-full e-flex e-con e-child\" data-id=\"a7bfa7e\" data-element_type=\"container\">\n\t\t\t\t<div class=\"elementor-element elementor-element-a1cbdb6 elementor-widget elementor-widget-heading\" data-id=\"a1cbdb6\" data-element_type=\"widget\" data-widget_type=\"heading.default\">\n\t\t\t\t\t<h2 class=\"elementor-heading-title elementor-size-default\">\u00c7al\u0131\u015fma saatleri<\/h2>\t\t\t\t<\/div>\n\t\t\t\t<div class=\"elementor-element elementor-element-b8d8a37 elementor-widget__width-initial elementor-widget elementor-widget-text-editor\" data-id=\"b8d8a37\" data-element_type=\"widget\" data-widget_type=\"text-editor.default\">\n\t\t\t\t\t\t\t\t\t<p>Monday to Friday 09:00 to 18:30 &#8211; Saturday we work until 15:30<\/p>\t\t\t\t\t\t\t\t<\/div>\n\t\t\t\t<\/div>\n\t\t\t\t<div class=\"elementor-element elementor-element-7230f0d elementor-widget__width-initial elementor-widget elementor-widget-image\" data-id=\"7230f0d\" data-element_type=\"widget\" data-widget_type=\"image.default\">\n\t\t\t\t\t\t\t\t\t\t\t\t\t\t\t<img decoding=\"async\" src=\"https:\/\/archiden.net\/wp-content\/uploads\/elementor\/thumbs\/796bde9008c6a8f60686ff67acf939ef5a2755d0-ri7p751f09bs3idmsqhwtnp5kx9ho9pkh9vot4lx3s.png\" title=\"796bde9008c6a8f60686ff67acf939ef5a2755d0\" alt=\"796bde9008c6a8f60686ff67acf939ef5a2755d0\" loading=\"lazy\" \/>\t\t\t\t\t\t\t\t\t\t\t\t\t\t\t<\/div>\n\t\t<div data-particle_enable=\"false\" data-particle-mobile-disabled=\"false\" class=\"elementor-element elementor-element-9182c0b e-con-full e-flex e-con e-child\" data-id=\"9182c0b\" data-element_type=\"container\">\n\t\t\t\t<div class=\"elementor-element elementor-element-90ba4ce elementor-widget elementor-widget-heading\" data-id=\"90ba4ce\" data-element_type=\"widget\" data-widget_type=\"heading.default\">\n\t\t\t\t\t<h2 class=\"elementor-heading-title elementor-size-default\">Sat\u0131\u015f Ofisi<\/h2>\t\t\t\t<\/div>\n\t\t\t\t<div class=\"elementor-element elementor-element-29e2445 elementor-widget__width-initial elementor-widget elementor-widget-text-editor\" data-id=\"29e2445\" data-element_type=\"widget\" data-widget_type=\"text-editor.default\">\n\t\t\t\t\t\t\t\t\t<p>Boryssa Himry 124 B Block Pozniaky<br \/>Kiev Oblast \u2013 Ukraine<\/p>\t\t\t\t\t\t\t\t<\/div>\n\t\t\t\t<\/div>\n\t\t\t\t<\/div>\n\t\t\t\t<\/div>\n\t\t\t\t\t<\/div>\n\t\t\t\t<\/div>\n\t\t\t\t<\/div>","protected":false},"excerpt":{"rendered":"<p>Projects Discover the Landmark Projects That Define Our Legacy in Construction &amp; Real Estate Development The Pearl Commercial Tower a sleek, prestigious name for a high-end office or mixed-use building that evokes sophistication and urban prestige. The Horizon Residences a refined name suggesting modern, luxurious residential development with open views and contemporary design. Commercial Business [&hellip;]<\/p>","protected":false},"author":5,"featured_media":0,"parent":0,"menu_order":0,"comment_status":"closed","ping_status":"closed","template":"","meta":{"_acf_changed":false,"footnotes":""},"class_list":["post-27","page","type-page","status-publish","hentry"],"blocksy_meta":{"has_hero_section":"disabled","styles_descriptor":{"styles":{"desktop":"","tablet":"","mobile":""},"google_fonts":[],"version":6},"disable_share_box":"no"},"acf":[],"_hostinger_reach_plugin_has_subscription_block":false,"_hostinger_reach_plugin_is_elementor":false,"_links":{"self":[{"href":"https:\/\/archiden.net\/tr\/wp-json\/wp\/v2\/pages\/27","targetHints":{"allow":["GET"]}}],"collection":[{"href":"https:\/\/archiden.net\/tr\/wp-json\/wp\/v2\/pages"}],"about":[{"href":"https:\/\/archiden.net\/tr\/wp-json\/wp\/v2\/types\/page"}],"author":[{"embeddable":true,"href":"https:\/\/archiden.net\/tr\/wp-json\/wp\/v2\/users\/5"}],"replies":[{"embeddable":true,"href":"https:\/\/archiden.net\/tr\/wp-json\/wp\/v2\/comments?post=27"}],"version-history":[{"count":138,"href":"https:\/\/archiden.net\/tr\/wp-json\/wp\/v2\/pages\/27\/revisions"}],"predecessor-version":[{"id":3256,"href":"https:\/\/archiden.net\/tr\/wp-json\/wp\/v2\/pages\/27\/revisions\/3256"}],"wp:attachment":[{"href":"https:\/\/archiden.net\/tr\/wp-json\/wp\/v2\/media?parent=27"}],"curies":[{"name":"wp","href":"https:\/\/api.w.org\/{rel}","templated":true}]}}