{"id":29,"date":"2025-09-30T10:34:24","date_gmt":"2025-09-30T10:34:24","guid":{"rendered":"https:\/\/archiden.net\/?page_id=29"},"modified":"2025-10-30T00:01:10","modified_gmt":"2025-10-30T00:01:10","slug":"contact","status":"publish","type":"page","link":"https:\/\/archiden.net\/tr\/contact\/","title":{"rendered":"\u0130LET\u0130\u015e\u0130M"},"content":{"rendered":"<div data-elementor-type=\"wp-page\" data-elementor-id=\"29\" class=\"elementor elementor-29\">\n\t\t\t\t<div data-particle_enable=\"false\" data-particle-mobile-disabled=\"false\" class=\"elementor-element elementor-element-f754392 e-flex e-con-boxed e-con e-parent\" data-id=\"f754392\" data-element_type=\"container\" data-settings=\"{&quot;background_background&quot;:&quot;classic&quot;}\">\n\t\t\t\t\t<div class=\"e-con-inner\">\n\t\t<div data-particle_enable=\"false\" data-particle-mobile-disabled=\"false\" class=\"elementor-element elementor-element-52d1d3d e-con-full e-flex e-con e-child\" data-id=\"52d1d3d\" data-element_type=\"container\">\n\t\t\t\t<div class=\"elementor-element elementor-element-5c266df elementor-widget elementor-widget-heading\" data-id=\"5c266df\" data-element_type=\"widget\" data-widget_type=\"heading.default\">\n\t\t\t\t\t<h1 class=\"elementor-heading-title elementor-size-default\">Bize Ula\u015f\u0131n<\/h1>\t\t\t\t<\/div>\n\t\t\t\t<div class=\"elementor-element elementor-element-dbf293a elementor-widget__width-initial elementor-widget elementor-widget-heading\" data-id=\"dbf293a\" data-element_type=\"widget\" data-widget_type=\"heading.default\">\n\t\t\t\t\t<h3 class=\"elementor-heading-title elementor-size-default\">Birlikte in\u015fa etmeye ba\u015flayal\u0131m, bir sonraki geli\u015ftirme projeniz i\u00e7in ArchiDen ile ileti\u015fime ge\u00e7in.<\/h3>\t\t\t\t<\/div>\n\t\t\t\t<\/div>\n\t\t\t\t\t<\/div>\n\t\t\t\t<\/div>\n\t\t<div data-particle_enable=\"false\" data-particle-mobile-disabled=\"false\" class=\"elementor-element elementor-element-1628012 e-flex e-con-boxed e-con e-parent\" data-id=\"1628012\" data-element_type=\"container\">\n\t\t\t\t\t<div class=\"e-con-inner\">\n\t\t<div data-particle_enable=\"false\" data-particle-mobile-disabled=\"false\" class=\"elementor-element elementor-element-1065f4b e-con-full e-flex e-con e-child\" data-id=\"1065f4b\" data-element_type=\"container\">\n\t\t<div data-particle_enable=\"false\" data-particle-mobile-disabled=\"false\" class=\"elementor-element elementor-element-fd6140e e-con-full e-flex e-con e-child\" data-id=\"fd6140e\" data-element_type=\"container\" data-settings=\"{&quot;background_background&quot;:&quot;classic&quot;}\">\n\t\t<div data-particle_enable=\"false\" data-particle-mobile-disabled=\"false\" class=\"elementor-element elementor-element-321ecb9 e-con-full e-flex e-con e-child\" data-id=\"321ecb9\" data-element_type=\"container\">\n\t\t\t\t<div class=\"elementor-element elementor-element-fae5666 elementor-widget elementor-widget-shortcode\" data-id=\"fae5666\" data-element_type=\"widget\" data-widget_type=\"shortcode.default\">\n\t\t\t\t\t\t\t<div class=\"elementor-shortcode\"><nav aria-label=\"breadcrumbs\" class=\"rank-math-breadcrumb\"><p><span class=\"last\">Ana Sayfa<\/span><\/p><\/nav><\/div>\n\t\t\t\t\t\t<\/div>\n\t\t\t\t<\/div>\n\t\t\t\t<\/div>\n\t\t\t\t<\/div>\n\t\t\t\t\t<\/div>\n\t\t\t\t<\/div>\n\t\t<div data-particle_enable=\"false\" data-particle-mobile-disabled=\"false\" class=\"elementor-element elementor-element-328ccce e-flex e-con-boxed e-con e-parent\" data-id=\"328ccce\" data-element_type=\"container\">\n\t\t\t\t\t<div class=\"e-con-inner\">\n\t\t<div data-particle_enable=\"false\" data-particle-mobile-disabled=\"false\" class=\"elementor-element elementor-element-f080239 e-con-full e-flex e-con e-child\" data-id=\"f080239\" data-element_type=\"container\">\n\t\t<div data-particle_enable=\"false\" data-particle-mobile-disabled=\"false\" class=\"elementor-element elementor-element-f4d69f8 e-con-full e-flex e-con e-child\" data-id=\"f4d69f8\" data-element_type=\"container\">\n\t\t\t\t<div class=\"elementor-element elementor-element-3eef422 elementor-widget elementor-widget-heading\" data-id=\"3eef422\" data-element_type=\"widget\" data-widget_type=\"heading.default\">\n\t\t\t\t\t<h2 class=\"elementor-heading-title elementor-size-default\">ArchiDen Sat\u0131\u015f Ofisleri<\/h2>\t\t\t\t<\/div>\n\t\t\t\t<\/div>\n\t\t<div data-particle_enable=\"false\" data-particle-mobile-disabled=\"false\" class=\"elementor-element elementor-element-51255e6 e-con-full e-flex e-con e-child\" data-id=\"51255e6\" data-element_type=\"container\">\n\t\t\t\t<div class=\"elementor-element elementor-element-7519df8 elementor-widget elementor-widget-text-editor\" data-id=\"7519df8\" data-element_type=\"widget\" data-widget_type=\"text-editor.default\">\n\t\t\t\t\t\t\t\t\t<p><strong>Bizi Ziyaret Edin<\/strong><\/p><p>\u0130stanbul, T\u00fcrkiye<\/p>\t\t\t\t\t\t\t\t<\/div>\n\t\t\t\t<\/div>\n\t\t<div data-particle_enable=\"false\" data-particle-mobile-disabled=\"false\" class=\"elementor-element elementor-element-2764f39 e-con-full e-flex e-con e-child\" data-id=\"2764f39\" data-element_type=\"container\">\n\t\t\t\t<div class=\"elementor-element elementor-element-dfe0525 elementor-widget elementor-widget-text-editor\" data-id=\"dfe0525\" data-element_type=\"widget\" data-widget_type=\"text-editor.default\">\n\t\t\t\t\t\t\t\t\t<p><strong>Merhaba deyin<\/strong><\/p><p>info@archiden.com<\/p>\t\t\t\t\t\t\t\t<\/div>\n\t\t\t\t<div class=\"elementor-element elementor-element-81d6b78 num elementor-widget elementor-widget-text-editor\" data-id=\"81d6b78\" data-element_type=\"widget\" id=\"num\" data-widget_type=\"text-editor.default\">\n\t\t\t\t\t\t\t\t\t<p style=\"direction: ltr;\">+963 955 821 851<\/p>\t\t\t\t\t\t\t\t<\/div>\n\t\t\t\t<\/div>\n\t\t\t\t<\/div>\n\t\t\t\t\t<\/div>\n\t\t\t\t<\/div>\n\t\t<div data-particle_enable=\"false\" data-particle-mobile-disabled=\"false\" class=\"elementor-element elementor-element-7349fe7 e-flex e-con-boxed e-con e-parent\" data-id=\"7349fe7\" data-element_type=\"container\" data-settings=\"{&quot;background_background&quot;:&quot;classic&quot;}\">\n\t\t\t\t\t<div class=\"e-con-inner\">\n\t\t<div data-particle_enable=\"false\" data-particle-mobile-disabled=\"false\" class=\"elementor-element elementor-element-af70664 e-con-full e-flex e-con e-child\" data-id=\"af70664\" data-element_type=\"container\" data-settings=\"{&quot;background_background&quot;:&quot;classic&quot;}\">\n\t\t\t\t<div class=\"elementor-element elementor-element-0bb15c9 elementor-widget elementor-widget-google_maps\" data-id=\"0bb15c9\" data-element_type=\"widget\" data-widget_type=\"google_maps.default\">\n\t\t\t\t\t\t\t<div class=\"elementor-custom-embed\">\n\t\t\t<iframe loading=\"lazy\"\n\t\t\t\t\tsrc=\"https:\/\/maps.google.com\/maps?q=Istanbul%2C%20turkey&#038;t=m&#038;z=15&#038;output=embed&#038;iwloc=near\"\n\t\t\t\t\ttitle=\"Istanbul, turkey\"\n\t\t\t\t\taria-label=\"Istanbul, turkey\"\n\t\t\t><\/iframe>\n\t\t<\/div>\n\t\t\t\t\t\t<\/div>\n\t\t\t\t<\/div>\n\t\t<div data-particle_enable=\"false\" data-particle-mobile-disabled=\"false\" class=\"elementor-element elementor-element-77a29fd e-con-full e-flex e-con e-child\" data-id=\"77a29fd\" data-element_type=\"container\">\n\t\t\t\t<div class=\"elementor-element elementor-element-027e5d3 elementor-widget__width-inherit elementor-widget elementor-widget-shortcode\" data-id=\"027e5d3\" data-element_type=\"widget\" data-widget_type=\"shortcode.default\">\n\t\t\t\t\t\t\t<div class=\"elementor-shortcode\">\n<div class=\"wpcf7 no-js\" id=\"wpcf7-f7-o1\" lang=\"en-US\" dir=\"ltr\" data-wpcf7-id=\"7\">\n<div class=\"screen-reader-response\"><p role=\"status\" aria-live=\"polite\" aria-atomic=\"true\"><\/p> <ul><\/ul><\/div>\n<form action=\"\/tr\/wp-json\/wp\/v2\/pages\/29#wpcf7-f7-o1\" method=\"post\" class=\"wpcf7-form init\" aria-label=\"Contact form\" novalidate=\"novalidate\" data-status=\"init\" data-trp-original-action=\"\/tr\/wp-json\/wp\/v2\/pages\/29#wpcf7-f7-o1\">\n<fieldset class=\"hidden-fields-container\"><input type=\"hidden\" name=\"_wpcf7\" value=\"7\" \/><input type=\"hidden\" name=\"_wpcf7_version\" value=\"6.1.1\" \/><input type=\"hidden\" name=\"_wpcf7_locale\" value=\"en_US\" \/><input type=\"hidden\" name=\"_wpcf7_unit_tag\" value=\"wpcf7-f7-o1\" \/><input type=\"hidden\" name=\"_wpcf7_container_post\" value=\"0\" \/><input type=\"hidden\" name=\"_wpcf7_posted_data_hash\" value=\"\" \/><input type=\"hidden\" name=\"_wpcf7cf_hidden_group_fields\" value=\"[]\" \/><input type=\"hidden\" name=\"_wpcf7cf_hidden_groups\" value=\"[]\" \/><input type=\"hidden\" name=\"_wpcf7cf_visible_groups\" value=\"[]\" \/><input type=\"hidden\" name=\"_wpcf7cf_repeaters\" value=\"[]\" \/><input type=\"hidden\" name=\"_wpcf7cf_steps\" value=\"{}\" \/><input type=\"hidden\" name=\"_wpcf7cf_options\" value=\"{&quot;form_id&quot;:7,&quot;conditions&quot;:[{&quot;then_field&quot;:&quot;proposal-fields&quot;,&quot;and_rules&quot;:[{&quot;if_field&quot;:&quot;inquiry-type&quot;,&quot;operator&quot;:&quot;equals&quot;,&quot;if_value&quot;:&quot;Request for Proposal&quot;}]},{&quot;then_field&quot;:&quot;contact-fields&quot;,&quot;and_rules&quot;:[{&quot;if_field&quot;:&quot;inquiry-type&quot;,&quot;operator&quot;:&quot;equals&quot;,&quot;if_value&quot;:&quot;Contact&quot;}]}],&quot;settings&quot;:{&quot;animation&quot;:&quot;yes&quot;,&quot;animation_intime&quot;:200,&quot;animation_outtime&quot;:200,&quot;conditions_ui&quot;:&quot;normal&quot;,&quot;notice_dismissed&quot;:false,&quot;notice_dismissed_update-cf7-6.1.2&quot;:true}}\" \/><input type=\"hidden\" name=\"_wpcf7_recaptcha_response\" value=\"\" \/>\n<\/fieldset>\n<p><label class=\"my-field\"> Sorgu t\u00fcr\u00fc:<br \/>\n<span class=\"wpcf7-form-control-wrap\" data-name=\"inquiry-type\"><select class=\"wpcf7-form-control wpcf7-select wpcf7-validates-as-required\" aria-required=\"true\" aria-invalid=\"false\" name=\"inquiry-type\"><option value=\"Contact\">Bize Ula\u015f\u0131n<\/option><option value=\"Request for Proposal\">teklif talebi<\/option><\/select><\/span><br \/>\n<\/label>\n<\/p>\n<p><label class=\"my-field\"> Ad\u0131n\u0131z (gerekli)<br \/>\n<span class=\"wpcf7-form-control-wrap\" data-name=\"your-name\"><input size=\"40\" maxlength=\"400\" class=\"wpcf7-form-control wpcf7-text wpcf7-validates-as-required\" autocomplete=\"name\" aria-required=\"true\" aria-invalid=\"false\" value=\"\" type=\"text\" name=\"your-name\" \/><\/span><br \/>\n<\/label>\n<\/p>\n<p><label class=\"my-field\"> E-posta adresiniz (gerekli)<br \/>\n<span class=\"wpcf7-form-control-wrap\" data-name=\"your-email\"><input size=\"40\" maxlength=\"400\" class=\"wpcf7-form-control wpcf7-email wpcf7-validates-as-required wpcf7-text wpcf7-validates-as-email\" autocomplete=\"email\" aria-required=\"true\" aria-invalid=\"false\" value=\"\" type=\"email\" name=\"your-email\" \/><\/span><br \/>\n<\/label>\n<\/p>\n<div data-id=\"contact-fields\" data-orig_data_id=\"contact-fields\"  class=\"\" data-class=\"wpcf7cf_group\">\n\t<p><label class=\"my-field\"> Konu<br \/>\n<span class=\"wpcf7-form-control-wrap\" data-name=\"your-subject\"><input size=\"40\" maxlength=\"400\" class=\"wpcf7-form-control wpcf7-text wpcf7-validates-as-required\" aria-required=\"true\" aria-invalid=\"false\" value=\"\" type=\"text\" name=\"your-subject\" \/><\/span><br \/>\n<\/label>\n\t<\/p>\n\t<p><label class=\"my-field\"> Mesaj\u0131n\u0131z (iste\u011fe ba\u011fl\u0131)<br \/>\n<span class=\"wpcf7-form-control-wrap\" data-name=\"your-message\"><textarea cols=\"40\" rows=\"10\" maxlength=\"2000\" class=\"wpcf7-form-control wpcf7-textarea\" aria-invalid=\"false\" name=\"your-message\"><\/textarea><\/span><br \/>\n<\/label>\n\t<\/p>\n<\/div>\n<div data-id=\"proposal-fields\" data-orig_data_id=\"proposal-fields\"  class=\"\" data-class=\"wpcf7cf_group\">\n\t<p><label class=\"my-field\"> Proje ad\u0131 (gerekli):<br \/>\n<span class=\"wpcf7-form-control-wrap\" data-name=\"project-title\"><input size=\"40\" maxlength=\"400\" class=\"wpcf7-form-control wpcf7-text wpcf7-validates-as-required\" aria-required=\"true\" aria-invalid=\"false\" value=\"\" type=\"text\" name=\"project-title\" \/><\/span><br \/>\n<\/label>\n\t<\/p>\n\t<p><label class=\"my-field\"> Proje a\u00e7\u0131klamas\u0131 (gerekli):<br \/>\n<span class=\"wpcf7-form-control-wrap\" data-name=\"project-description\"><textarea cols=\"40\" rows=\"10\" maxlength=\"2000\" class=\"wpcf7-form-control wpcf7-textarea wpcf7-validates-as-required\" aria-required=\"true\" aria-invalid=\"false\" name=\"project-description\"><\/textarea><\/span><br \/>\n<\/label>\n\t<\/p>\n<\/div>\n<p><input class=\"wpcf7-form-control wpcf7-submit has-spinner my-submit\" type=\"submit\" value=\"G\u00f6nder\" \/>\n<\/p><div class=\"wpcf7-response-output\" aria-hidden=\"true\"><\/div>\n<input type=\"hidden\" name=\"trp-form-language\" value=\"tr\"\/><\/form>\n<\/div>\n<\/div>\n\t\t\t\t\t\t<\/div>\n\t\t\t\t<\/div>\n\t\t\t\t\t<\/div>\n\t\t\t\t<\/div>\n\t\t<div data-particle_enable=\"false\" data-particle-mobile-disabled=\"false\" class=\"elementor-element elementor-element-ecba20b e-flex e-con-boxed e-con e-parent\" data-id=\"ecba20b\" data-element_type=\"container\">\n\t\t\t\t\t<div class=\"e-con-inner\">\n\t\t<div data-particle_enable=\"false\" data-particle-mobile-disabled=\"false\" class=\"elementor-element elementor-element-bdf67ec e-con-full e-flex e-con e-child\" data-id=\"bdf67ec\" data-element_type=\"container\">\n\t\t<div data-particle_enable=\"false\" data-particle-mobile-disabled=\"false\" class=\"elementor-element elementor-element-626a526 e-con-full e-flex e-con e-child\" data-id=\"626a526\" data-element_type=\"container\" data-settings=\"{&quot;background_background&quot;:&quot;classic&quot;}\">\n\t\t\t\t<div class=\"elementor-element elementor-element-7cf3134 elementor-widget__width-initial elementor-widget elementor-widget-image\" data-id=\"7cf3134\" data-element_type=\"widget\" data-widget_type=\"image.default\">\n\t\t\t\t\t\t\t\t\t\t\t\t\t\t\t<img decoding=\"async\" src=\"https:\/\/archiden.net\/wp-content\/uploads\/elementor\/thumbs\/0c4413d47c37302d5b0ffe65295cf1d08dac5b7d-ri7p751f09bs3idmsqhwtnp5kx9ho9pkh9vot4lx3s.png\" title=\"0c4413d47c37302d5b0ffe65295cf1d08dac5b7d\" alt=\"0c4413d47c37302d5b0ffe65295cf1d08dac5b7d\" loading=\"lazy\" \/>\t\t\t\t\t\t\t\t\t\t\t\t\t\t\t<\/div>\n\t\t<div data-particle_enable=\"false\" data-particle-mobile-disabled=\"false\" class=\"elementor-element elementor-element-276e847 e-con-full e-flex e-con e-child\" data-id=\"276e847\" data-element_type=\"container\">\n\t\t\t\t<div class=\"elementor-element elementor-element-3b628cc elementor-widget elementor-widget-heading\" data-id=\"3b628cc\" data-element_type=\"widget\" data-widget_type=\"heading.default\">\n\t\t\t\t\t<h2 class=\"elementor-heading-title elementor-size-default\">Adres Bilgileri<\/h2>\t\t\t\t<\/div>\n\t\t\t\t<div class=\"elementor-element elementor-element-cda185a elementor-widget__width-initial elementor-widget elementor-widget-text-editor\" data-id=\"cda185a\" data-element_type=\"widget\" data-widget_type=\"text-editor.default\">\n\t\t\t\t\t\t\t\t\t<p>Kyiv | G. Stalingrada Avenue, 6<br \/>Vilnius | Antakalnio St. 17<\/p>\t\t\t\t\t\t\t\t<\/div>\n\t\t\t\t<\/div>\n\t\t\t\t<div class=\"elementor-element elementor-element-2f62fbb elementor-widget__width-initial elementor-widget elementor-widget-image\" data-id=\"2f62fbb\" data-element_type=\"widget\" data-widget_type=\"image.default\">\n\t\t\t\t\t\t\t\t\t\t\t\t\t\t\t<img decoding=\"async\" src=\"https:\/\/archiden.net\/wp-content\/uploads\/elementor\/thumbs\/f2f64bd7c595041c37c9117ba7405d5b6d2237e3-ri7p751f09bq1un7d4mnyy45jjf2joig7xbwltyf78.png\" title=\"f2f64bd7c595041c37c9117ba7405d5b6d2237e3\" alt=\"f2f64bd7c595041c37c9117ba7405d5b6d2237e3\" loading=\"lazy\" \/>\t\t\t\t\t\t\t\t\t\t\t\t\t\t\t<\/div>\n\t\t<div data-particle_enable=\"false\" data-particle-mobile-disabled=\"false\" class=\"elementor-element elementor-element-e165440 e-con-full e-flex e-con e-child\" data-id=\"e165440\" data-element_type=\"container\">\n\t\t\t\t<div class=\"elementor-element elementor-element-41e2511 elementor-widget elementor-widget-heading\" data-id=\"41e2511\" data-element_type=\"widget\" data-widget_type=\"heading.default\">\n\t\t\t\t\t<h2 class=\"elementor-heading-title elementor-size-default\">\u00c7al\u0131\u015fma saatleri<\/h2>\t\t\t\t<\/div>\n\t\t\t\t<div class=\"elementor-element elementor-element-09de9f5 elementor-widget__width-initial elementor-widget elementor-widget-text-editor\" data-id=\"09de9f5\" data-element_type=\"widget\" data-widget_type=\"text-editor.default\">\n\t\t\t\t\t\t\t\t\t<p>Monday to Friday 09:00 to 18:30 &#8211; Saturday we work until 15:30<\/p>\t\t\t\t\t\t\t\t<\/div>\n\t\t\t\t<\/div>\n\t\t\t\t<div class=\"elementor-element elementor-element-7e203e6 elementor-widget__width-initial elementor-widget elementor-widget-image\" data-id=\"7e203e6\" data-element_type=\"widget\" data-widget_type=\"image.default\">\n\t\t\t\t\t\t\t\t\t\t\t\t\t\t\t<img decoding=\"async\" src=\"https:\/\/archiden.net\/wp-content\/uploads\/elementor\/thumbs\/796bde9008c6a8f60686ff67acf939ef5a2755d0-ri7p751f09bs3idmsqhwtnp5kx9ho9pkh9vot4lx3s.png\" title=\"796bde9008c6a8f60686ff67acf939ef5a2755d0\" alt=\"796bde9008c6a8f60686ff67acf939ef5a2755d0\" loading=\"lazy\" \/>\t\t\t\t\t\t\t\t\t\t\t\t\t\t\t<\/div>\n\t\t<div data-particle_enable=\"false\" data-particle-mobile-disabled=\"false\" class=\"elementor-element elementor-element-25a3e4a e-con-full e-flex e-con e-child\" data-id=\"25a3e4a\" data-element_type=\"container\">\n\t\t\t\t<div class=\"elementor-element elementor-element-b01ee1d elementor-widget elementor-widget-heading\" data-id=\"b01ee1d\" data-element_type=\"widget\" data-widget_type=\"heading.default\">\n\t\t\t\t\t<h2 class=\"elementor-heading-title elementor-size-default\">Sat\u0131\u015f Ofisi<\/h2>\t\t\t\t<\/div>\n\t\t\t\t<div class=\"elementor-element elementor-element-3aa45b5 elementor-widget__width-initial elementor-widget elementor-widget-text-editor\" data-id=\"3aa45b5\" data-element_type=\"widget\" data-widget_type=\"text-editor.default\">\n\t\t\t\t\t\t\t\t\t<p>Boryssa Himry 124 B Block Pozniaky<br \/>Kiev Oblast \u2013 Ukraine<\/p>\t\t\t\t\t\t\t\t<\/div>\n\t\t\t\t<\/div>\n\t\t\t\t<\/div>\n\t\t\t\t<\/div>\n\t\t\t\t\t<\/div>\n\t\t\t\t<\/div>\n\t\t\t\t<\/div>","protected":false},"excerpt":{"rendered":"<p>Contact Us Let\u2019s Begin Building Together, Reach Out to ArchiDen for Your Next Development Project ArchiDen Sales Offices Visit Us Istanbul, Turkey Say Hello info@archiden.com +963 955 821 851 Address Infos Kyiv | G. Stalingrada Avenue, 6Vilnius | Antakalnio St. 17 Working Hours Monday to Friday 09:00 to 18:30 &#8211; Saturday we work until 15:30 [&hellip;]<\/p>","protected":false},"author":5,"featured_media":0,"parent":0,"menu_order":0,"comment_status":"closed","ping_status":"closed","template":"","meta":{"_acf_changed":false,"footnotes":""},"class_list":["post-29","page","type-page","status-publish","hentry"],"blocksy_meta":{"has_hero_section":"disabled","styles_descriptor":{"styles":{"desktop":"","tablet":"","mobile":""},"google_fonts":[],"version":6}},"acf":[],"_hostinger_reach_plugin_has_subscription_block":false,"_hostinger_reach_plugin_is_elementor":false,"_links":{"self":[{"href":"https:\/\/archiden.net\/tr\/wp-json\/wp\/v2\/pages\/29","targetHints":{"allow":["GET"]}}],"collection":[{"href":"https:\/\/archiden.net\/tr\/wp-json\/wp\/v2\/pages"}],"about":[{"href":"https:\/\/archiden.net\/tr\/wp-json\/wp\/v2\/types\/page"}],"author":[{"embeddable":true,"href":"https:\/\/archiden.net\/tr\/wp-json\/wp\/v2\/users\/5"}],"replies":[{"embeddable":true,"href":"https:\/\/archiden.net\/tr\/wp-json\/wp\/v2\/comments?post=29"}],"version-history":[{"count":275,"href":"https:\/\/archiden.net\/tr\/wp-json\/wp\/v2\/pages\/29\/revisions"}],"predecessor-version":[{"id":3115,"href":"https:\/\/archiden.net\/tr\/wp-json\/wp\/v2\/pages\/29\/revisions\/3115"}],"wp:attachment":[{"href":"https:\/\/archiden.net\/tr\/wp-json\/wp\/v2\/media?parent=29"}],"curies":[{"name":"wp","href":"https:\/\/api.w.org\/{rel}","templated":true}]}}